{"id":890,"date":"2024-07-10T09:17:32","date_gmt":"2024-07-10T12:17:32","guid":{"rendered":"https:\/\/machcnc.com.br\/loja\/?post_type=product&#038;p=890"},"modified":"2025-10-18T14:30:38","modified_gmt":"2025-10-18T17:30:38","slug":"fresa-para-debaste-6x30mm-madeira-e-mdf","status":"publish","type":"product","link":"https:\/\/machcnc.com.br\/loja\/produto\/fresa-para-debaste-6x30mm-madeira-e-mdf\/","title":{"rendered":"Fresa para Debaste 6x30mm Madeira e MDF"},"content":{"rendered":"<p>Fresa para Debaste 6x30mm Madeira e MDF<\/p>\n<p>Medidas: \u00d830mm x 15mm x 50mm x 6mm &#8211; (haste de 6mm)<br \/>\nDescri\u00e7\u00e3o T\u00e9cnica:<br \/>\nFresa Em Metal Duro<br \/>\nAplica\u00e7\u00f5es:<br \/>\nMadeira e MDF<br \/>\nRebaixos<br \/>\nPara nivelar a chapa de sacrif\u00edcio<br \/>\nFresa para dar passe na mesa<\/p>\n","protected":false},"excerpt":{"rendered":"<p><a href=\"https:\/\/wa.me\/5547997280140\"><strong>Clique aqui e converse diretamente com vendedor t\u00e9cnico<\/strong><\/a><\/p>\n","protected":false},"featured_media":891,"comment_status":"open","ping_status":"closed","template":"","meta":{"_acf_changed":false,"_monsterinsights_skip_tracking":false,"_monsterinsights_sitenote_active":false,"_monsterinsights_sitenote_note":"","_monsterinsights_sitenote_category":0},"product_brand":[],"product_cat":[102,114],"product_tag":[37,36,217,220,216,38,39],"class_list":{"0":"post-890","1":"product","2":"type-product","3":"status-publish","4":"has-post-thumbnail","6":"product_cat-ferramentas","7":"product_cat-fresas","8":"product_tag-ferramentas-para-cnc-tupia","9":"product_tag-fresa","10":"product_tag-fresa-para-madeira","11":"product_tag-fresa-para-marcenaria","12":"product_tag-fresa-para-mdf","13":"product_tag-fresa-para-usinagem-cnc","14":"product_tag-fresas-de-metal-duro","16":"first","17":"instock","18":"featured","19":"shipping-taxable","20":"purchasable","21":"product-type-simple"},"acf":[],"yoast_head":"<!-- This site is optimized with the Yoast SEO Premium plugin v22.6 (Yoast SEO v26.2) - https:\/\/yoast.com\/wordpress\/plugins\/seo\/ -->\n<title>Fresa para Debaste 6x30mm Madeira e MDF - Mach CNC - Maior Fabricante Nacional de Ma\u0301quinas CNC. \ud83c\udde7\ud83c\uddf7<\/title>\n<meta name=\"description\" content=\"Fresa para Debaste 6x30mm Madeira e MDF Fresa de Debaste 6x30mm Descri\u00e7\u00e3o T\u00e9cnica:Fresa Em Metal DuroAplica\u00e7\u00f5es:RebaixosPara nivelar a chapa de sacrif\u00edcioFresa para dar passe na mesa Medidas: \u00d830mm x 15mm x 50mm x 6mm - (haste de 6mm)\" \/>\n<meta name=\"robots\" content=\"index, follow, max-snippet:-1, max-image-preview:large, max-video-preview:-1\" \/>\n<link rel=\"canonical\" href=\"https:\/\/machcnc.com.br\/loja\/produto\/fresa-para-debaste-6x30mm-madeira-e-mdf\/\" \/>\n<meta property=\"og:locale\" content=\"pt_BR\" \/>\n<meta property=\"og:type\" content=\"article\" \/>\n<meta property=\"og:title\" content=\"Fresa para Debaste 6x30mm Madeira e MDF\" \/>\n<meta property=\"og:description\" content=\"Fresa para Debaste 6x30mm Madeira e MDF Fresa de Debaste 6x30mm Descri\u00e7\u00e3o T\u00e9cnica:Fresa Em Metal DuroAplica\u00e7\u00f5es:RebaixosPara nivelar a chapa de sacrif\u00edcioFresa para dar passe na mesa Medidas: \u00d830mm x 15mm x 50mm x 6mm - (haste de 6mm)\" \/>\n<meta property=\"og:url\" content=\"https:\/\/machcnc.com.br\/loja\/produto\/fresa-para-debaste-6x30mm-madeira-e-mdf\/\" \/>\n<meta property=\"og:site_name\" content=\"Mach CNC - Maior Fabricante Nacional de Ma\u0301quinas CNC. \ud83c\udde7\ud83c\uddf7\" \/>\n<meta property=\"article:modified_time\" content=\"2025-10-18T17:30:38+00:00\" \/>\n<meta property=\"og:image\" content=\"https:\/\/machcnc.com.br\/loja\/wp-content\/uploads\/2024\/07\/233010142-FRESA-DESBASTE-O30MM-X-15MMX50MMX6MM.jpeg\" \/>\n\t<meta property=\"og:image:width\" content=\"800\" \/>\n\t<meta property=\"og:image:height\" content=\"800\" \/>\n\t<meta property=\"og:image:type\" content=\"image\/jpeg\" \/>\n<meta name=\"twitter:card\" content=\"summary_large_image\" \/>\n<meta name=\"twitter:label1\" content=\"Est. tempo de leitura\" \/>\n\t<meta name=\"twitter:data1\" content=\"1 minuto\" \/>\n<script type=\"application\/ld+json\" class=\"yoast-schema-graph\">{\"@context\":\"https:\/\/schema.org\",\"@graph\":[{\"@type\":\"WebPage\",\"@id\":\"https:\/\/machcnc.com.br\/loja\/produto\/fresa-para-debaste-6x30mm-madeira-e-mdf\/\",\"url\":\"https:\/\/machcnc.com.br\/loja\/produto\/fresa-para-debaste-6x30mm-madeira-e-mdf\/\",\"name\":\"Fresa para Debaste 6x30mm Madeira e MDF - Mach CNC - Maior Fabricante Nacional de Ma\u0301quinas CNC. \ud83c\udde7\ud83c\uddf7\",\"isPartOf\":{\"@id\":\"https:\/\/machcnc.com.br\/loja\/#website\"},\"primaryImageOfPage\":{\"@id\":\"https:\/\/machcnc.com.br\/loja\/produto\/fresa-para-debaste-6x30mm-madeira-e-mdf\/#primaryimage\"},\"image\":{\"@id\":\"https:\/\/machcnc.com.br\/loja\/produto\/fresa-para-debaste-6x30mm-madeira-e-mdf\/#primaryimage\"},\"thumbnailUrl\":\"https:\/\/machcnc.com.br\/loja\/wp-content\/uploads\/2024\/07\/233010142-FRESA-DESBASTE-O30MM-X-15MMX50MMX6MM.jpeg\",\"datePublished\":\"2024-07-10T12:17:32+00:00\",\"dateModified\":\"2025-10-18T17:30:38+00:00\",\"description\":\"Fresa para Debaste 6x30mm Madeira e MDF Fresa de Debaste 6x30mm Descri\u00e7\u00e3o T\u00e9cnica:Fresa Em Metal DuroAplica\u00e7\u00f5es:RebaixosPara nivelar a chapa de sacrif\u00edcioFresa para dar passe na mesa Medidas: \u00d830mm x 15mm x 50mm x 6mm - (haste de 6mm)\",\"breadcrumb\":{\"@id\":\"https:\/\/machcnc.com.br\/loja\/produto\/fresa-para-debaste-6x30mm-madeira-e-mdf\/#breadcrumb\"},\"inLanguage\":\"pt-BR\",\"potentialAction\":[{\"@type\":\"ReadAction\",\"target\":[\"https:\/\/machcnc.com.br\/loja\/produto\/fresa-para-debaste-6x30mm-madeira-e-mdf\/\"]}]},{\"@type\":\"ImageObject\",\"inLanguage\":\"pt-BR\",\"@id\":\"https:\/\/machcnc.com.br\/loja\/produto\/fresa-para-debaste-6x30mm-madeira-e-mdf\/#primaryimage\",\"url\":\"https:\/\/machcnc.com.br\/loja\/wp-content\/uploads\/2024\/07\/233010142-FRESA-DESBASTE-O30MM-X-15MMX50MMX6MM.jpeg\",\"contentUrl\":\"https:\/\/machcnc.com.br\/loja\/wp-content\/uploads\/2024\/07\/233010142-FRESA-DESBASTE-O30MM-X-15MMX50MMX6MM.jpeg\",\"width\":800,\"height\":800},{\"@type\":\"BreadcrumbList\",\"@id\":\"https:\/\/machcnc.com.br\/loja\/produto\/fresa-para-debaste-6x30mm-madeira-e-mdf\/#breadcrumb\",\"itemListElement\":[{\"@type\":\"ListItem\",\"position\":1,\"name\":\"Home\",\"item\":\"https:\/\/machcnc.com.br\/loja\/\"},{\"@type\":\"ListItem\",\"position\":2,\"name\":\"Produtos\",\"item\":\"https:\/\/machcnc.com.br\/loja\/produtos\/\"},{\"@type\":\"ListItem\",\"position\":3,\"name\":\"Fresa para Debaste 6x30mm Madeira e MDF\"}]},{\"@type\":\"WebSite\",\"@id\":\"https:\/\/machcnc.com.br\/loja\/#website\",\"url\":\"https:\/\/machcnc.com.br\/loja\/\",\"name\":\"Mach CNC - Maior Fabricante Nacional de Ma\u0301quinas CNC. \ud83c\udde7\ud83c\uddf7\",\"description\":\"\",\"publisher\":{\"@id\":\"https:\/\/machcnc.com.br\/loja\/#organization\"},\"potentialAction\":[{\"@type\":\"SearchAction\",\"target\":{\"@type\":\"EntryPoint\",\"urlTemplate\":\"https:\/\/machcnc.com.br\/loja\/?s={search_term_string}\"},\"query-input\":{\"@type\":\"PropertyValueSpecification\",\"valueRequired\":true,\"valueName\":\"search_term_string\"}}],\"inLanguage\":\"pt-BR\"},{\"@type\":\"Organization\",\"@id\":\"https:\/\/machcnc.com.br\/loja\/#organization\",\"name\":\"Mach CNC - Maior Fabricante Nacional de Ma\u0301quinas CNC. \ud83c\udde7\ud83c\uddf7\",\"url\":\"https:\/\/machcnc.com.br\/loja\/\",\"logo\":{\"@type\":\"ImageObject\",\"inLanguage\":\"pt-BR\",\"@id\":\"https:\/\/machcnc.com.br\/loja\/#\/schema\/logo\/image\/\",\"url\":\"https:\/\/machcnc.com.br\/loja\/wp-content\/uploads\/2024\/05\/logo.svg\",\"contentUrl\":\"https:\/\/machcnc.com.br\/loja\/wp-content\/uploads\/2024\/05\/logo.svg\",\"caption\":\"Mach CNC - Maior Fabricante Nacional de Ma\u0301quinas CNC. \ud83c\udde7\ud83c\uddf7\"},\"image\":{\"@id\":\"https:\/\/machcnc.com.br\/loja\/#\/schema\/logo\/image\/\"}}]}<\/script>\n<!-- \/ Yoast SEO Premium plugin. -->","yoast_head_json":{"title":"Fresa para Debaste 6x30mm Madeira e MDF - Mach CNC - Maior Fabricante Nacional de Ma\u0301quinas CNC. \ud83c\udde7\ud83c\uddf7","description":"Fresa para Debaste 6x30mm Madeira e MDF Fresa de Debaste 6x30mm Descri\u00e7\u00e3o T\u00e9cnica:Fresa Em Metal DuroAplica\u00e7\u00f5es:RebaixosPara nivelar a chapa de sacrif\u00edcioFresa para dar passe na mesa Medidas: \u00d830mm x 15mm x 50mm x 6mm - (haste de 6mm)","robots":{"index":"index","follow":"follow","max-snippet":"max-snippet:-1","max-image-preview":"max-image-preview:large","max-video-preview":"max-video-preview:-1"},"canonical":"https:\/\/machcnc.com.br\/loja\/produto\/fresa-para-debaste-6x30mm-madeira-e-mdf\/","og_locale":"pt_BR","og_type":"article","og_title":"Fresa para Debaste 6x30mm Madeira e MDF","og_description":"Fresa para Debaste 6x30mm Madeira e MDF Fresa de Debaste 6x30mm Descri\u00e7\u00e3o T\u00e9cnica:Fresa Em Metal DuroAplica\u00e7\u00f5es:RebaixosPara nivelar a chapa de sacrif\u00edcioFresa para dar passe na mesa Medidas: \u00d830mm x 15mm x 50mm x 6mm - (haste de 6mm)","og_url":"https:\/\/machcnc.com.br\/loja\/produto\/fresa-para-debaste-6x30mm-madeira-e-mdf\/","og_site_name":"Mach CNC - Maior Fabricante Nacional de Ma\u0301quinas CNC. \ud83c\udde7\ud83c\uddf7","article_modified_time":"2025-10-18T17:30:38+00:00","og_image":[{"width":800,"height":800,"url":"https:\/\/machcnc.com.br\/loja\/wp-content\/uploads\/2024\/07\/233010142-FRESA-DESBASTE-O30MM-X-15MMX50MMX6MM.jpeg","type":"image\/jpeg"}],"twitter_card":"summary_large_image","twitter_misc":{"Est. tempo de leitura":"1 minuto"},"schema":{"@context":"https:\/\/schema.org","@graph":[{"@type":"WebPage","@id":"https:\/\/machcnc.com.br\/loja\/produto\/fresa-para-debaste-6x30mm-madeira-e-mdf\/","url":"https:\/\/machcnc.com.br\/loja\/produto\/fresa-para-debaste-6x30mm-madeira-e-mdf\/","name":"Fresa para Debaste 6x30mm Madeira e MDF - Mach CNC - Maior Fabricante Nacional de Ma\u0301quinas CNC. \ud83c\udde7\ud83c\uddf7","isPartOf":{"@id":"https:\/\/machcnc.com.br\/loja\/#website"},"primaryImageOfPage":{"@id":"https:\/\/machcnc.com.br\/loja\/produto\/fresa-para-debaste-6x30mm-madeira-e-mdf\/#primaryimage"},"image":{"@id":"https:\/\/machcnc.com.br\/loja\/produto\/fresa-para-debaste-6x30mm-madeira-e-mdf\/#primaryimage"},"thumbnailUrl":"https:\/\/machcnc.com.br\/loja\/wp-content\/uploads\/2024\/07\/233010142-FRESA-DESBASTE-O30MM-X-15MMX50MMX6MM.jpeg","datePublished":"2024-07-10T12:17:32+00:00","dateModified":"2025-10-18T17:30:38+00:00","description":"Fresa para Debaste 6x30mm Madeira e MDF Fresa de Debaste 6x30mm Descri\u00e7\u00e3o T\u00e9cnica:Fresa Em Metal DuroAplica\u00e7\u00f5es:RebaixosPara nivelar a chapa de sacrif\u00edcioFresa para dar passe na mesa Medidas: \u00d830mm x 15mm x 50mm x 6mm - (haste de 6mm)","breadcrumb":{"@id":"https:\/\/machcnc.com.br\/loja\/produto\/fresa-para-debaste-6x30mm-madeira-e-mdf\/#breadcrumb"},"inLanguage":"pt-BR","potentialAction":[{"@type":"ReadAction","target":["https:\/\/machcnc.com.br\/loja\/produto\/fresa-para-debaste-6x30mm-madeira-e-mdf\/"]}]},{"@type":"ImageObject","inLanguage":"pt-BR","@id":"https:\/\/machcnc.com.br\/loja\/produto\/fresa-para-debaste-6x30mm-madeira-e-mdf\/#primaryimage","url":"https:\/\/machcnc.com.br\/loja\/wp-content\/uploads\/2024\/07\/233010142-FRESA-DESBASTE-O30MM-X-15MMX50MMX6MM.jpeg","contentUrl":"https:\/\/machcnc.com.br\/loja\/wp-content\/uploads\/2024\/07\/233010142-FRESA-DESBASTE-O30MM-X-15MMX50MMX6MM.jpeg","width":800,"height":800},{"@type":"BreadcrumbList","@id":"https:\/\/machcnc.com.br\/loja\/produto\/fresa-para-debaste-6x30mm-madeira-e-mdf\/#breadcrumb","itemListElement":[{"@type":"ListItem","position":1,"name":"Home","item":"https:\/\/machcnc.com.br\/loja\/"},{"@type":"ListItem","position":2,"name":"Produtos","item":"https:\/\/machcnc.com.br\/loja\/produtos\/"},{"@type":"ListItem","position":3,"name":"Fresa para Debaste 6x30mm Madeira e MDF"}]},{"@type":"WebSite","@id":"https:\/\/machcnc.com.br\/loja\/#website","url":"https:\/\/machcnc.com.br\/loja\/","name":"Mach CNC - Maior Fabricante Nacional de Ma\u0301quinas CNC. \ud83c\udde7\ud83c\uddf7","description":"","publisher":{"@id":"https:\/\/machcnc.com.br\/loja\/#organization"},"potentialAction":[{"@type":"SearchAction","target":{"@type":"EntryPoint","urlTemplate":"https:\/\/machcnc.com.br\/loja\/?s={search_term_string}"},"query-input":{"@type":"PropertyValueSpecification","valueRequired":true,"valueName":"search_term_string"}}],"inLanguage":"pt-BR"},{"@type":"Organization","@id":"https:\/\/machcnc.com.br\/loja\/#organization","name":"Mach CNC - Maior Fabricante Nacional de Ma\u0301quinas CNC. \ud83c\udde7\ud83c\uddf7","url":"https:\/\/machcnc.com.br\/loja\/","logo":{"@type":"ImageObject","inLanguage":"pt-BR","@id":"https:\/\/machcnc.com.br\/loja\/#\/schema\/logo\/image\/","url":"https:\/\/machcnc.com.br\/loja\/wp-content\/uploads\/2024\/05\/logo.svg","contentUrl":"https:\/\/machcnc.com.br\/loja\/wp-content\/uploads\/2024\/05\/logo.svg","caption":"Mach CNC - Maior Fabricante Nacional de Ma\u0301quinas CNC. \ud83c\udde7\ud83c\uddf7"},"image":{"@id":"https:\/\/machcnc.com.br\/loja\/#\/schema\/logo\/image\/"}}]}},"_links":{"self":[{"href":"https:\/\/machcnc.com.br\/loja\/wp-json\/wp\/v2\/product\/890","targetHints":{"allow":["GET"]}}],"collection":[{"href":"https:\/\/machcnc.com.br\/loja\/wp-json\/wp\/v2\/product"}],"about":[{"href":"https:\/\/machcnc.com.br\/loja\/wp-json\/wp\/v2\/types\/product"}],"replies":[{"embeddable":true,"href":"https:\/\/machcnc.com.br\/loja\/wp-json\/wp\/v2\/comments?post=890"}],"wp:featuredmedia":[{"embeddable":true,"href":"https:\/\/machcnc.com.br\/loja\/wp-json\/wp\/v2\/media\/891"}],"wp:attachment":[{"href":"https:\/\/machcnc.com.br\/loja\/wp-json\/wp\/v2\/media?parent=890"}],"wp:term":[{"taxonomy":"product_brand","embeddable":true,"href":"https:\/\/machcnc.com.br\/loja\/wp-json\/wp\/v2\/product_brand?post=890"},{"taxonomy":"product_cat","embeddable":true,"href":"https:\/\/machcnc.com.br\/loja\/wp-json\/wp\/v2\/product_cat?post=890"},{"taxonomy":"product_tag","embeddable":true,"href":"https:\/\/machcnc.com.br\/loja\/wp-json\/wp\/v2\/product_tag?post=890"}],"curies":[{"name":"wp","href":"https:\/\/api.w.org\/{rel}","templated":true}]}}