{"id":857,"date":"2024-07-01T10:42:00","date_gmt":"2024-07-01T13:42:00","guid":{"rendered":"https:\/\/machcnc.com.br\/loja\/?post_type=product&#038;p=857"},"modified":"2025-10-18T14:34:22","modified_gmt":"2025-10-18T17:34:22","slug":"broca-20x70mm-direita","status":"publish","type":"product","link":"https:\/\/machcnc.com.br\/loja\/produto\/broca-20x70mm-direita\/","title":{"rendered":"Broca 20x70mm Direita"},"content":{"rendered":"<p>Descri\u00e7\u00e3o t\u00e9cnica: Broca Dobradica 20&#215;70 S=10 Hw Z2+V2 (L\/Direito)<br \/>\nBroca em metal duro, n\u00e3o passante.<\/p>\n<p>Medidas:<br \/>\nDi\u00e2metro corte: 20mm<br \/>\nComprimento: 70mm<br \/>\nDi\u00e2metro da haste: 10mm<br \/>\nDireita<br \/>\nAplica\u00e7\u00f5es:<br \/>\nBroca para dispositivo de montagem VB, entre outras fura\u00e7\u00f5es.<\/p>\n","protected":false},"excerpt":{"rendered":"<p><a href=\"https:\/\/wa.me\/5547997280140\"><strong>Clique aqui e compre via WhatsApp<\/strong><\/a><\/p>\n","protected":false},"featured_media":859,"comment_status":"open","ping_status":"closed","template":"","meta":{"_acf_changed":false,"_monsterinsights_skip_tracking":false,"_monsterinsights_sitenote_active":false,"_monsterinsights_sitenote_note":"","_monsterinsights_sitenote_category":0},"product_brand":[],"product_cat":[102,113],"product_tag":[279,278,63,277,263,268,264,65,281,64,280],"class_list":{"0":"post-857","1":"product","2":"type-product","3":"status-publish","4":"has-post-thumbnail","6":"product_cat-ferramentas","7":"product_cat-brocas","8":"product_tag-broca-20mm","9":"product_tag-broca-de-20mm","10":"product_tag-broca-direita","11":"product_tag-broca-para-dobradica","12":"product_tag-broca-para-madeira","13":"product_tag-broca-para-marcenaria","14":"product_tag-broca-para-mdf","15":"product_tag-broca-para-vb","16":"product_tag-dispositivo-vb","17":"product_tag-pente-de-furacao","18":"product_tag-vb","20":"first","21":"instock","22":"shipping-taxable","23":"purchasable","24":"product-type-simple"},"acf":[],"yoast_head":"<!-- This site is optimized with the Yoast SEO Premium plugin v22.6 (Yoast SEO v26.2) - https:\/\/yoast.com\/wordpress\/plugins\/seo\/ -->\n<title>Broca 20x70mm Direita - Mach CNC - Maior Fabricante Nacional de Ma\u0301quinas CNC. \ud83c\udde7\ud83c\uddf7<\/title>\n<meta name=\"description\" content=\"Broca 20x70 R Descri\u00e7\u00e3o t\u00e9cnica: Broca Dobradica 20x70 S=10 Hw Z2+V2 (L\/Direito)Broca em metal duro, n\u00e3o passante.Medidas:Di\u00e2metro corte: 20mmComprimento: 70mmDi\u00e2metro da haste: 10mmDireitaAplica\u00e7\u00f5es:Broca para dispositivo de montagem VB, entre outras fura\u00e7\u00f5es.\" \/>\n<meta name=\"robots\" content=\"index, follow, max-snippet:-1, max-image-preview:large, max-video-preview:-1\" \/>\n<link rel=\"canonical\" href=\"https:\/\/machcnc.com.br\/loja\/produto\/broca-20x70mm-direita\/\" \/>\n<meta property=\"og:locale\" content=\"pt_BR\" \/>\n<meta property=\"og:type\" content=\"article\" \/>\n<meta property=\"og:title\" content=\"Broca 20x70mm Direita\" \/>\n<meta property=\"og:description\" content=\"Broca 20x70 R Descri\u00e7\u00e3o t\u00e9cnica: Broca Dobradica 20x70 S=10 Hw Z2+V2 (L\/Direito)Broca em metal duro, n\u00e3o passante.Medidas:Di\u00e2metro corte: 20mmComprimento: 70mmDi\u00e2metro da haste: 10mmDireitaAplica\u00e7\u00f5es:Broca para dispositivo de montagem VB, entre outras fura\u00e7\u00f5es.\" \/>\n<meta property=\"og:url\" content=\"https:\/\/machcnc.com.br\/loja\/produto\/broca-20x70mm-direita\/\" \/>\n<meta property=\"og:site_name\" content=\"Mach CNC - Maior Fabricante Nacional de Ma\u0301quinas CNC. \ud83c\udde7\ud83c\uddf7\" \/>\n<meta property=\"article:modified_time\" content=\"2025-10-18T17:34:22+00:00\" \/>\n<meta property=\"og:image\" content=\"https:\/\/machcnc.com.br\/loja\/wp-content\/uploads\/2024\/07\/241010013-BROCA-20MM.jpg\" \/>\n\t<meta property=\"og:image:width\" content=\"800\" \/>\n\t<meta property=\"og:image:height\" content=\"800\" \/>\n\t<meta property=\"og:image:type\" content=\"image\/jpeg\" \/>\n<meta name=\"twitter:card\" content=\"summary_large_image\" \/>\n<meta name=\"twitter:label1\" content=\"Est. tempo de leitura\" \/>\n\t<meta name=\"twitter:data1\" content=\"1 minuto\" \/>\n<script type=\"application\/ld+json\" class=\"yoast-schema-graph\">{\"@context\":\"https:\/\/schema.org\",\"@graph\":[{\"@type\":\"WebPage\",\"@id\":\"https:\/\/machcnc.com.br\/loja\/produto\/broca-20x70mm-direita\/\",\"url\":\"https:\/\/machcnc.com.br\/loja\/produto\/broca-20x70mm-direita\/\",\"name\":\"Broca 20x70mm Direita - Mach CNC - Maior Fabricante Nacional de Ma\u0301quinas CNC. \ud83c\udde7\ud83c\uddf7\",\"isPartOf\":{\"@id\":\"https:\/\/machcnc.com.br\/loja\/#website\"},\"primaryImageOfPage\":{\"@id\":\"https:\/\/machcnc.com.br\/loja\/produto\/broca-20x70mm-direita\/#primaryimage\"},\"image\":{\"@id\":\"https:\/\/machcnc.com.br\/loja\/produto\/broca-20x70mm-direita\/#primaryimage\"},\"thumbnailUrl\":\"https:\/\/machcnc.com.br\/loja\/wp-content\/uploads\/2024\/07\/241010013-BROCA-20MM.jpg\",\"datePublished\":\"2024-07-01T13:42:00+00:00\",\"dateModified\":\"2025-10-18T17:34:22+00:00\",\"description\":\"Broca 20x70 R Descri\u00e7\u00e3o t\u00e9cnica: Broca Dobradica 20x70 S=10 Hw Z2+V2 (L\/Direito)Broca em metal duro, n\u00e3o passante.Medidas:Di\u00e2metro corte: 20mmComprimento: 70mmDi\u00e2metro da haste: 10mmDireitaAplica\u00e7\u00f5es:Broca para dispositivo de montagem VB, entre outras fura\u00e7\u00f5es.\",\"breadcrumb\":{\"@id\":\"https:\/\/machcnc.com.br\/loja\/produto\/broca-20x70mm-direita\/#breadcrumb\"},\"inLanguage\":\"pt-BR\",\"potentialAction\":[{\"@type\":\"ReadAction\",\"target\":[\"https:\/\/machcnc.com.br\/loja\/produto\/broca-20x70mm-direita\/\"]}]},{\"@type\":\"ImageObject\",\"inLanguage\":\"pt-BR\",\"@id\":\"https:\/\/machcnc.com.br\/loja\/produto\/broca-20x70mm-direita\/#primaryimage\",\"url\":\"https:\/\/machcnc.com.br\/loja\/wp-content\/uploads\/2024\/07\/241010013-BROCA-20MM.jpg\",\"contentUrl\":\"https:\/\/machcnc.com.br\/loja\/wp-content\/uploads\/2024\/07\/241010013-BROCA-20MM.jpg\",\"width\":800,\"height\":800},{\"@type\":\"BreadcrumbList\",\"@id\":\"https:\/\/machcnc.com.br\/loja\/produto\/broca-20x70mm-direita\/#breadcrumb\",\"itemListElement\":[{\"@type\":\"ListItem\",\"position\":1,\"name\":\"Home\",\"item\":\"https:\/\/machcnc.com.br\/loja\/\"},{\"@type\":\"ListItem\",\"position\":2,\"name\":\"Produtos\",\"item\":\"https:\/\/machcnc.com.br\/loja\/produtos\/\"},{\"@type\":\"ListItem\",\"position\":3,\"name\":\"Broca 20x70mm Direita\"}]},{\"@type\":\"WebSite\",\"@id\":\"https:\/\/machcnc.com.br\/loja\/#website\",\"url\":\"https:\/\/machcnc.com.br\/loja\/\",\"name\":\"Mach CNC - Maior Fabricante Nacional de Ma\u0301quinas CNC. \ud83c\udde7\ud83c\uddf7\",\"description\":\"\",\"publisher\":{\"@id\":\"https:\/\/machcnc.com.br\/loja\/#organization\"},\"potentialAction\":[{\"@type\":\"SearchAction\",\"target\":{\"@type\":\"EntryPoint\",\"urlTemplate\":\"https:\/\/machcnc.com.br\/loja\/?s={search_term_string}\"},\"query-input\":{\"@type\":\"PropertyValueSpecification\",\"valueRequired\":true,\"valueName\":\"search_term_string\"}}],\"inLanguage\":\"pt-BR\"},{\"@type\":\"Organization\",\"@id\":\"https:\/\/machcnc.com.br\/loja\/#organization\",\"name\":\"Mach CNC - Maior Fabricante Nacional de Ma\u0301quinas CNC. \ud83c\udde7\ud83c\uddf7\",\"url\":\"https:\/\/machcnc.com.br\/loja\/\",\"logo\":{\"@type\":\"ImageObject\",\"inLanguage\":\"pt-BR\",\"@id\":\"https:\/\/machcnc.com.br\/loja\/#\/schema\/logo\/image\/\",\"url\":\"https:\/\/machcnc.com.br\/loja\/wp-content\/uploads\/2024\/05\/logo.svg\",\"contentUrl\":\"https:\/\/machcnc.com.br\/loja\/wp-content\/uploads\/2024\/05\/logo.svg\",\"caption\":\"Mach CNC - Maior Fabricante Nacional de Ma\u0301quinas CNC. \ud83c\udde7\ud83c\uddf7\"},\"image\":{\"@id\":\"https:\/\/machcnc.com.br\/loja\/#\/schema\/logo\/image\/\"}}]}<\/script>\n<!-- \/ Yoast SEO Premium plugin. -->","yoast_head_json":{"title":"Broca 20x70mm Direita - Mach CNC - Maior Fabricante Nacional de Ma\u0301quinas CNC. \ud83c\udde7\ud83c\uddf7","description":"Broca 20x70 R Descri\u00e7\u00e3o t\u00e9cnica: Broca Dobradica 20x70 S=10 Hw Z2+V2 (L\/Direito)Broca em metal duro, n\u00e3o passante.Medidas:Di\u00e2metro corte: 20mmComprimento: 70mmDi\u00e2metro da haste: 10mmDireitaAplica\u00e7\u00f5es:Broca para dispositivo de montagem VB, entre outras fura\u00e7\u00f5es.","robots":{"index":"index","follow":"follow","max-snippet":"max-snippet:-1","max-image-preview":"max-image-preview:large","max-video-preview":"max-video-preview:-1"},"canonical":"https:\/\/machcnc.com.br\/loja\/produto\/broca-20x70mm-direita\/","og_locale":"pt_BR","og_type":"article","og_title":"Broca 20x70mm Direita","og_description":"Broca 20x70 R Descri\u00e7\u00e3o t\u00e9cnica: Broca Dobradica 20x70 S=10 Hw Z2+V2 (L\/Direito)Broca em metal duro, n\u00e3o passante.Medidas:Di\u00e2metro corte: 20mmComprimento: 70mmDi\u00e2metro da haste: 10mmDireitaAplica\u00e7\u00f5es:Broca para dispositivo de montagem VB, entre outras fura\u00e7\u00f5es.","og_url":"https:\/\/machcnc.com.br\/loja\/produto\/broca-20x70mm-direita\/","og_site_name":"Mach CNC - Maior Fabricante Nacional de Ma\u0301quinas CNC. \ud83c\udde7\ud83c\uddf7","article_modified_time":"2025-10-18T17:34:22+00:00","og_image":[{"width":800,"height":800,"url":"https:\/\/machcnc.com.br\/loja\/wp-content\/uploads\/2024\/07\/241010013-BROCA-20MM.jpg","type":"image\/jpeg"}],"twitter_card":"summary_large_image","twitter_misc":{"Est. tempo de leitura":"1 minuto"},"schema":{"@context":"https:\/\/schema.org","@graph":[{"@type":"WebPage","@id":"https:\/\/machcnc.com.br\/loja\/produto\/broca-20x70mm-direita\/","url":"https:\/\/machcnc.com.br\/loja\/produto\/broca-20x70mm-direita\/","name":"Broca 20x70mm Direita - Mach CNC - Maior Fabricante Nacional de Ma\u0301quinas CNC. \ud83c\udde7\ud83c\uddf7","isPartOf":{"@id":"https:\/\/machcnc.com.br\/loja\/#website"},"primaryImageOfPage":{"@id":"https:\/\/machcnc.com.br\/loja\/produto\/broca-20x70mm-direita\/#primaryimage"},"image":{"@id":"https:\/\/machcnc.com.br\/loja\/produto\/broca-20x70mm-direita\/#primaryimage"},"thumbnailUrl":"https:\/\/machcnc.com.br\/loja\/wp-content\/uploads\/2024\/07\/241010013-BROCA-20MM.jpg","datePublished":"2024-07-01T13:42:00+00:00","dateModified":"2025-10-18T17:34:22+00:00","description":"Broca 20x70 R Descri\u00e7\u00e3o t\u00e9cnica: Broca Dobradica 20x70 S=10 Hw Z2+V2 (L\/Direito)Broca em metal duro, n\u00e3o passante.Medidas:Di\u00e2metro corte: 20mmComprimento: 70mmDi\u00e2metro da haste: 10mmDireitaAplica\u00e7\u00f5es:Broca para dispositivo de montagem VB, entre outras fura\u00e7\u00f5es.","breadcrumb":{"@id":"https:\/\/machcnc.com.br\/loja\/produto\/broca-20x70mm-direita\/#breadcrumb"},"inLanguage":"pt-BR","potentialAction":[{"@type":"ReadAction","target":["https:\/\/machcnc.com.br\/loja\/produto\/broca-20x70mm-direita\/"]}]},{"@type":"ImageObject","inLanguage":"pt-BR","@id":"https:\/\/machcnc.com.br\/loja\/produto\/broca-20x70mm-direita\/#primaryimage","url":"https:\/\/machcnc.com.br\/loja\/wp-content\/uploads\/2024\/07\/241010013-BROCA-20MM.jpg","contentUrl":"https:\/\/machcnc.com.br\/loja\/wp-content\/uploads\/2024\/07\/241010013-BROCA-20MM.jpg","width":800,"height":800},{"@type":"BreadcrumbList","@id":"https:\/\/machcnc.com.br\/loja\/produto\/broca-20x70mm-direita\/#breadcrumb","itemListElement":[{"@type":"ListItem","position":1,"name":"Home","item":"https:\/\/machcnc.com.br\/loja\/"},{"@type":"ListItem","position":2,"name":"Produtos","item":"https:\/\/machcnc.com.br\/loja\/produtos\/"},{"@type":"ListItem","position":3,"name":"Broca 20x70mm Direita"}]},{"@type":"WebSite","@id":"https:\/\/machcnc.com.br\/loja\/#website","url":"https:\/\/machcnc.com.br\/loja\/","name":"Mach CNC - Maior Fabricante Nacional de Ma\u0301quinas CNC. \ud83c\udde7\ud83c\uddf7","description":"","publisher":{"@id":"https:\/\/machcnc.com.br\/loja\/#organization"},"potentialAction":[{"@type":"SearchAction","target":{"@type":"EntryPoint","urlTemplate":"https:\/\/machcnc.com.br\/loja\/?s={search_term_string}"},"query-input":{"@type":"PropertyValueSpecification","valueRequired":true,"valueName":"search_term_string"}}],"inLanguage":"pt-BR"},{"@type":"Organization","@id":"https:\/\/machcnc.com.br\/loja\/#organization","name":"Mach CNC - Maior Fabricante Nacional de Ma\u0301quinas CNC. \ud83c\udde7\ud83c\uddf7","url":"https:\/\/machcnc.com.br\/loja\/","logo":{"@type":"ImageObject","inLanguage":"pt-BR","@id":"https:\/\/machcnc.com.br\/loja\/#\/schema\/logo\/image\/","url":"https:\/\/machcnc.com.br\/loja\/wp-content\/uploads\/2024\/05\/logo.svg","contentUrl":"https:\/\/machcnc.com.br\/loja\/wp-content\/uploads\/2024\/05\/logo.svg","caption":"Mach CNC - Maior Fabricante Nacional de Ma\u0301quinas CNC. \ud83c\udde7\ud83c\uddf7"},"image":{"@id":"https:\/\/machcnc.com.br\/loja\/#\/schema\/logo\/image\/"}}]}},"_links":{"self":[{"href":"https:\/\/machcnc.com.br\/loja\/wp-json\/wp\/v2\/product\/857","targetHints":{"allow":["GET"]}}],"collection":[{"href":"https:\/\/machcnc.com.br\/loja\/wp-json\/wp\/v2\/product"}],"about":[{"href":"https:\/\/machcnc.com.br\/loja\/wp-json\/wp\/v2\/types\/product"}],"replies":[{"embeddable":true,"href":"https:\/\/machcnc.com.br\/loja\/wp-json\/wp\/v2\/comments?post=857"}],"wp:featuredmedia":[{"embeddable":true,"href":"https:\/\/machcnc.com.br\/loja\/wp-json\/wp\/v2\/media\/859"}],"wp:attachment":[{"href":"https:\/\/machcnc.com.br\/loja\/wp-json\/wp\/v2\/media?parent=857"}],"wp:term":[{"taxonomy":"product_brand","embeddable":true,"href":"https:\/\/machcnc.com.br\/loja\/wp-json\/wp\/v2\/product_brand?post=857"},{"taxonomy":"product_cat","embeddable":true,"href":"https:\/\/machcnc.com.br\/loja\/wp-json\/wp\/v2\/product_cat?post=857"},{"taxonomy":"product_tag","embeddable":true,"href":"https:\/\/machcnc.com.br\/loja\/wp-json\/wp\/v2\/product_tag?post=857"}],"curies":[{"name":"wp","href":"https:\/\/api.w.org\/{rel}","templated":true}]}}