{"id":851,"date":"2024-07-01T10:32:41","date_gmt":"2024-07-01T13:32:41","guid":{"rendered":"https:\/\/machcnc.com.br\/loja\/?post_type=product&#038;p=851"},"modified":"2025-10-18T14:35:14","modified_gmt":"2025-10-18T17:35:14","slug":"broca-10x70mm-direita","status":"publish","type":"product","link":"https:\/\/machcnc.com.br\/loja\/produto\/broca-10x70mm-direita\/","title":{"rendered":"Broca 10x70mm Direita"},"content":{"rendered":"<p>Descri\u00e7\u00e3o t\u00e9cnica: Broca N\u00e3o Passante D10x70 S10 Hw Z=2 Rh(L\/Direito)<br \/>\nBroca em metal duro, n\u00e3o passante.<\/p>\n<p>Medidas:<br \/>\nDi\u00e2metro corte: 10mm<br \/>\nComprimento: 70mm<br \/>\nDi\u00e2metro da haste: 10mm<br \/>\nDireita<\/p>\n","protected":false},"excerpt":{"rendered":"<p><a href=\"https:\/\/wa.me\/5547997280140\"><strong>Clique aqui e converse diretamente com vendedor t\u00e9cnico<\/strong><\/a><\/p>\n","protected":false},"featured_media":853,"comment_status":"open","ping_status":"closed","template":"","meta":{"_acf_changed":false,"_monsterinsights_skip_tracking":false,"_monsterinsights_sitenote_active":false,"_monsterinsights_sitenote_note":"","_monsterinsights_sitenote_category":0},"product_brand":[],"product_cat":[102,113],"product_tag":[62,262,261,63,286,269,263,268,287,64],"class_list":{"0":"post-851","1":"product","2":"type-product","3":"status-publish","4":"has-post-thumbnail","6":"product_cat-ferramentas","7":"product_cat-brocas","8":"product_tag-broca","9":"product_tag-broca-10mm","10":"product_tag-broca-de-10mm","11":"product_tag-broca-direita","12":"product_tag-broca-para-cnc","13":"product_tag-broca-para-compensado","14":"product_tag-broca-para-madeira","15":"product_tag-broca-para-marcenaria","16":"product_tag-broca-para-router","17":"product_tag-pente-de-furacao","19":"first","20":"onbackorder","21":"shipping-taxable","22":"purchasable","23":"product-type-simple"},"acf":[],"yoast_head":"<!-- This site is optimized with the Yoast SEO Premium plugin v22.6 (Yoast SEO v26.2) - https:\/\/yoast.com\/wordpress\/plugins\/seo\/ -->\n<title>Broca 10x70mm Direita - Mach CNC - Maior Fabricante Nacional de Ma\u0301quinas CNC. \ud83c\udde7\ud83c\uddf7<\/title>\n<meta name=\"description\" content=\"Descri\u00e7\u00e3o t\u00e9cnica: Broca N\u00e3o Passante D10x70 S10 Hw Z=2 Rh(L\/Direito)Broca em metal duro, n\u00e3o passante. Medidas: Di\u00e2metro corte: 10mmComprimento: 70mmDi\u00e2metro da haste: 10mmDireita\" \/>\n<meta name=\"robots\" content=\"index, follow, max-snippet:-1, max-image-preview:large, max-video-preview:-1\" \/>\n<link rel=\"canonical\" href=\"https:\/\/machcnc.com.br\/loja\/produto\/broca-10x70mm-direita\/\" \/>\n<meta property=\"og:locale\" content=\"pt_BR\" \/>\n<meta property=\"og:type\" content=\"article\" \/>\n<meta property=\"og:title\" content=\"Broca 10x70mm Direita\" \/>\n<meta property=\"og:description\" content=\"Descri\u00e7\u00e3o t\u00e9cnica: Broca N\u00e3o Passante D10x70 S10 Hw Z=2 Rh(L\/Direito)Broca em metal duro, n\u00e3o passante. Medidas: Di\u00e2metro corte: 10mmComprimento: 70mmDi\u00e2metro da haste: 10mmDireita\" \/>\n<meta property=\"og:url\" content=\"https:\/\/machcnc.com.br\/loja\/produto\/broca-10x70mm-direita\/\" \/>\n<meta property=\"og:site_name\" content=\"Mach CNC - Maior Fabricante Nacional de Ma\u0301quinas CNC. \ud83c\udde7\ud83c\uddf7\" \/>\n<meta property=\"article:modified_time\" content=\"2025-10-18T17:35:14+00:00\" \/>\n<meta property=\"og:image\" content=\"https:\/\/machcnc.com.br\/loja\/wp-content\/uploads\/2024\/07\/241010027-BROCA-10MM.jpg\" \/>\n\t<meta property=\"og:image:width\" content=\"800\" \/>\n\t<meta property=\"og:image:height\" content=\"800\" \/>\n\t<meta property=\"og:image:type\" content=\"image\/jpeg\" \/>\n<meta name=\"twitter:card\" content=\"summary_large_image\" \/>\n<meta name=\"twitter:label1\" content=\"Est. tempo de leitura\" \/>\n\t<meta name=\"twitter:data1\" content=\"1 minuto\" \/>\n<script type=\"application\/ld+json\" class=\"yoast-schema-graph\">{\"@context\":\"https:\/\/schema.org\",\"@graph\":[{\"@type\":\"WebPage\",\"@id\":\"https:\/\/machcnc.com.br\/loja\/produto\/broca-10x70mm-direita\/\",\"url\":\"https:\/\/machcnc.com.br\/loja\/produto\/broca-10x70mm-direita\/\",\"name\":\"Broca 10x70mm Direita - Mach CNC - Maior Fabricante Nacional de Ma\u0301quinas CNC. \ud83c\udde7\ud83c\uddf7\",\"isPartOf\":{\"@id\":\"https:\/\/machcnc.com.br\/loja\/#website\"},\"primaryImageOfPage\":{\"@id\":\"https:\/\/machcnc.com.br\/loja\/produto\/broca-10x70mm-direita\/#primaryimage\"},\"image\":{\"@id\":\"https:\/\/machcnc.com.br\/loja\/produto\/broca-10x70mm-direita\/#primaryimage\"},\"thumbnailUrl\":\"https:\/\/machcnc.com.br\/loja\/wp-content\/uploads\/2024\/07\/241010027-BROCA-10MM.jpg\",\"datePublished\":\"2024-07-01T13:32:41+00:00\",\"dateModified\":\"2025-10-18T17:35:14+00:00\",\"description\":\"Descri\u00e7\u00e3o t\u00e9cnica: Broca N\u00e3o Passante D10x70 S10 Hw Z=2 Rh(L\/Direito)Broca em metal duro, n\u00e3o passante. Medidas: Di\u00e2metro corte: 10mmComprimento: 70mmDi\u00e2metro da haste: 10mmDireita\",\"breadcrumb\":{\"@id\":\"https:\/\/machcnc.com.br\/loja\/produto\/broca-10x70mm-direita\/#breadcrumb\"},\"inLanguage\":\"pt-BR\",\"potentialAction\":[{\"@type\":\"ReadAction\",\"target\":[\"https:\/\/machcnc.com.br\/loja\/produto\/broca-10x70mm-direita\/\"]}]},{\"@type\":\"ImageObject\",\"inLanguage\":\"pt-BR\",\"@id\":\"https:\/\/machcnc.com.br\/loja\/produto\/broca-10x70mm-direita\/#primaryimage\",\"url\":\"https:\/\/machcnc.com.br\/loja\/wp-content\/uploads\/2024\/07\/241010027-BROCA-10MM.jpg\",\"contentUrl\":\"https:\/\/machcnc.com.br\/loja\/wp-content\/uploads\/2024\/07\/241010027-BROCA-10MM.jpg\",\"width\":800,\"height\":800},{\"@type\":\"BreadcrumbList\",\"@id\":\"https:\/\/machcnc.com.br\/loja\/produto\/broca-10x70mm-direita\/#breadcrumb\",\"itemListElement\":[{\"@type\":\"ListItem\",\"position\":1,\"name\":\"Home\",\"item\":\"https:\/\/machcnc.com.br\/loja\/\"},{\"@type\":\"ListItem\",\"position\":2,\"name\":\"Produtos\",\"item\":\"https:\/\/machcnc.com.br\/loja\/produtos\/\"},{\"@type\":\"ListItem\",\"position\":3,\"name\":\"Broca 10x70mm Direita\"}]},{\"@type\":\"WebSite\",\"@id\":\"https:\/\/machcnc.com.br\/loja\/#website\",\"url\":\"https:\/\/machcnc.com.br\/loja\/\",\"name\":\"Mach CNC - Maior Fabricante Nacional de Ma\u0301quinas CNC. \ud83c\udde7\ud83c\uddf7\",\"description\":\"\",\"publisher\":{\"@id\":\"https:\/\/machcnc.com.br\/loja\/#organization\"},\"potentialAction\":[{\"@type\":\"SearchAction\",\"target\":{\"@type\":\"EntryPoint\",\"urlTemplate\":\"https:\/\/machcnc.com.br\/loja\/?s={search_term_string}\"},\"query-input\":{\"@type\":\"PropertyValueSpecification\",\"valueRequired\":true,\"valueName\":\"search_term_string\"}}],\"inLanguage\":\"pt-BR\"},{\"@type\":\"Organization\",\"@id\":\"https:\/\/machcnc.com.br\/loja\/#organization\",\"name\":\"Mach CNC - Maior Fabricante Nacional de Ma\u0301quinas CNC. \ud83c\udde7\ud83c\uddf7\",\"url\":\"https:\/\/machcnc.com.br\/loja\/\",\"logo\":{\"@type\":\"ImageObject\",\"inLanguage\":\"pt-BR\",\"@id\":\"https:\/\/machcnc.com.br\/loja\/#\/schema\/logo\/image\/\",\"url\":\"https:\/\/machcnc.com.br\/loja\/wp-content\/uploads\/2024\/05\/logo.svg\",\"contentUrl\":\"https:\/\/machcnc.com.br\/loja\/wp-content\/uploads\/2024\/05\/logo.svg\",\"caption\":\"Mach CNC - Maior Fabricante Nacional de Ma\u0301quinas CNC. \ud83c\udde7\ud83c\uddf7\"},\"image\":{\"@id\":\"https:\/\/machcnc.com.br\/loja\/#\/schema\/logo\/image\/\"}}]}<\/script>\n<!-- \/ Yoast SEO Premium plugin. -->","yoast_head_json":{"title":"Broca 10x70mm Direita - Mach CNC - Maior Fabricante Nacional de Ma\u0301quinas CNC. \ud83c\udde7\ud83c\uddf7","description":"Descri\u00e7\u00e3o t\u00e9cnica: Broca N\u00e3o Passante D10x70 S10 Hw Z=2 Rh(L\/Direito)Broca em metal duro, n\u00e3o passante. Medidas: Di\u00e2metro corte: 10mmComprimento: 70mmDi\u00e2metro da haste: 10mmDireita","robots":{"index":"index","follow":"follow","max-snippet":"max-snippet:-1","max-image-preview":"max-image-preview:large","max-video-preview":"max-video-preview:-1"},"canonical":"https:\/\/machcnc.com.br\/loja\/produto\/broca-10x70mm-direita\/","og_locale":"pt_BR","og_type":"article","og_title":"Broca 10x70mm Direita","og_description":"Descri\u00e7\u00e3o t\u00e9cnica: Broca N\u00e3o Passante D10x70 S10 Hw Z=2 Rh(L\/Direito)Broca em metal duro, n\u00e3o passante. Medidas: Di\u00e2metro corte: 10mmComprimento: 70mmDi\u00e2metro da haste: 10mmDireita","og_url":"https:\/\/machcnc.com.br\/loja\/produto\/broca-10x70mm-direita\/","og_site_name":"Mach CNC - Maior Fabricante Nacional de Ma\u0301quinas CNC. \ud83c\udde7\ud83c\uddf7","article_modified_time":"2025-10-18T17:35:14+00:00","og_image":[{"width":800,"height":800,"url":"https:\/\/machcnc.com.br\/loja\/wp-content\/uploads\/2024\/07\/241010027-BROCA-10MM.jpg","type":"image\/jpeg"}],"twitter_card":"summary_large_image","twitter_misc":{"Est. tempo de leitura":"1 minuto"},"schema":{"@context":"https:\/\/schema.org","@graph":[{"@type":"WebPage","@id":"https:\/\/machcnc.com.br\/loja\/produto\/broca-10x70mm-direita\/","url":"https:\/\/machcnc.com.br\/loja\/produto\/broca-10x70mm-direita\/","name":"Broca 10x70mm Direita - Mach CNC - Maior Fabricante Nacional de Ma\u0301quinas CNC. \ud83c\udde7\ud83c\uddf7","isPartOf":{"@id":"https:\/\/machcnc.com.br\/loja\/#website"},"primaryImageOfPage":{"@id":"https:\/\/machcnc.com.br\/loja\/produto\/broca-10x70mm-direita\/#primaryimage"},"image":{"@id":"https:\/\/machcnc.com.br\/loja\/produto\/broca-10x70mm-direita\/#primaryimage"},"thumbnailUrl":"https:\/\/machcnc.com.br\/loja\/wp-content\/uploads\/2024\/07\/241010027-BROCA-10MM.jpg","datePublished":"2024-07-01T13:32:41+00:00","dateModified":"2025-10-18T17:35:14+00:00","description":"Descri\u00e7\u00e3o t\u00e9cnica: Broca N\u00e3o Passante D10x70 S10 Hw Z=2 Rh(L\/Direito)Broca em metal duro, n\u00e3o passante. Medidas: Di\u00e2metro corte: 10mmComprimento: 70mmDi\u00e2metro da haste: 10mmDireita","breadcrumb":{"@id":"https:\/\/machcnc.com.br\/loja\/produto\/broca-10x70mm-direita\/#breadcrumb"},"inLanguage":"pt-BR","potentialAction":[{"@type":"ReadAction","target":["https:\/\/machcnc.com.br\/loja\/produto\/broca-10x70mm-direita\/"]}]},{"@type":"ImageObject","inLanguage":"pt-BR","@id":"https:\/\/machcnc.com.br\/loja\/produto\/broca-10x70mm-direita\/#primaryimage","url":"https:\/\/machcnc.com.br\/loja\/wp-content\/uploads\/2024\/07\/241010027-BROCA-10MM.jpg","contentUrl":"https:\/\/machcnc.com.br\/loja\/wp-content\/uploads\/2024\/07\/241010027-BROCA-10MM.jpg","width":800,"height":800},{"@type":"BreadcrumbList","@id":"https:\/\/machcnc.com.br\/loja\/produto\/broca-10x70mm-direita\/#breadcrumb","itemListElement":[{"@type":"ListItem","position":1,"name":"Home","item":"https:\/\/machcnc.com.br\/loja\/"},{"@type":"ListItem","position":2,"name":"Produtos","item":"https:\/\/machcnc.com.br\/loja\/produtos\/"},{"@type":"ListItem","position":3,"name":"Broca 10x70mm Direita"}]},{"@type":"WebSite","@id":"https:\/\/machcnc.com.br\/loja\/#website","url":"https:\/\/machcnc.com.br\/loja\/","name":"Mach CNC - Maior Fabricante Nacional de Ma\u0301quinas CNC. \ud83c\udde7\ud83c\uddf7","description":"","publisher":{"@id":"https:\/\/machcnc.com.br\/loja\/#organization"},"potentialAction":[{"@type":"SearchAction","target":{"@type":"EntryPoint","urlTemplate":"https:\/\/machcnc.com.br\/loja\/?s={search_term_string}"},"query-input":{"@type":"PropertyValueSpecification","valueRequired":true,"valueName":"search_term_string"}}],"inLanguage":"pt-BR"},{"@type":"Organization","@id":"https:\/\/machcnc.com.br\/loja\/#organization","name":"Mach CNC - Maior Fabricante Nacional de Ma\u0301quinas CNC. \ud83c\udde7\ud83c\uddf7","url":"https:\/\/machcnc.com.br\/loja\/","logo":{"@type":"ImageObject","inLanguage":"pt-BR","@id":"https:\/\/machcnc.com.br\/loja\/#\/schema\/logo\/image\/","url":"https:\/\/machcnc.com.br\/loja\/wp-content\/uploads\/2024\/05\/logo.svg","contentUrl":"https:\/\/machcnc.com.br\/loja\/wp-content\/uploads\/2024\/05\/logo.svg","caption":"Mach CNC - Maior Fabricante Nacional de Ma\u0301quinas CNC. \ud83c\udde7\ud83c\uddf7"},"image":{"@id":"https:\/\/machcnc.com.br\/loja\/#\/schema\/logo\/image\/"}}]}},"_links":{"self":[{"href":"https:\/\/machcnc.com.br\/loja\/wp-json\/wp\/v2\/product\/851","targetHints":{"allow":["GET"]}}],"collection":[{"href":"https:\/\/machcnc.com.br\/loja\/wp-json\/wp\/v2\/product"}],"about":[{"href":"https:\/\/machcnc.com.br\/loja\/wp-json\/wp\/v2\/types\/product"}],"replies":[{"embeddable":true,"href":"https:\/\/machcnc.com.br\/loja\/wp-json\/wp\/v2\/comments?post=851"}],"wp:featuredmedia":[{"embeddable":true,"href":"https:\/\/machcnc.com.br\/loja\/wp-json\/wp\/v2\/media\/853"}],"wp:attachment":[{"href":"https:\/\/machcnc.com.br\/loja\/wp-json\/wp\/v2\/media?parent=851"}],"wp:term":[{"taxonomy":"product_brand","embeddable":true,"href":"https:\/\/machcnc.com.br\/loja\/wp-json\/wp\/v2\/product_brand?post=851"},{"taxonomy":"product_cat","embeddable":true,"href":"https:\/\/machcnc.com.br\/loja\/wp-json\/wp\/v2\/product_cat?post=851"},{"taxonomy":"product_tag","embeddable":true,"href":"https:\/\/machcnc.com.br\/loja\/wp-json\/wp\/v2\/product_tag?post=851"}],"curies":[{"name":"wp","href":"https:\/\/api.w.org\/{rel}","templated":true}]}}