{"id":770,"date":"2024-06-24T10:49:16","date_gmt":"2024-06-24T13:49:16","guid":{"rendered":"https:\/\/machcnc.com.br\/loja\/?post_type=product&#038;p=770"},"modified":"2025-10-18T14:50:40","modified_gmt":"2025-10-18T17:50:40","slug":"engrenagem-helicoidal-mod-15-com-24-dentes-c7","status":"publish","type":"product","link":"https:\/\/machcnc.com.br\/loja\/produto\/engrenagem-helicoidal-mod-15-com-24-dentes-c7\/","title":{"rendered":"Engrenagem Helicoidal Mod. 1,5 com 24 Dentes C7"},"content":{"rendered":"<p>Descri\u00e7\u00e3o t\u00e9cnica:<br \/>\nEngrenagem Helicoidal Mod. 1,5 com 24 Dentes C7<\/p>\n<p>Medidas:<br \/>\nMod. 1,5<br \/>\nN\u00famero de dentes: 24<br \/>\n\u00c2ngulo de press\u00e3o: 20\u00b0<br \/>\n\u00c2ngulo de inclina\u00e7\u00e3o da h\u00e9lice:19\u00b031&#8217;42&#8221;<br \/>\nDire\u00e7\u00e3o: esquerda<br \/>\nClasse c7<br \/>\nDi\u00e2metro primitivo: \u00f838,064<\/p>\n","protected":false},"excerpt":{"rendered":"<p><a href=\"https:\/\/wa.me\/5547997280140\"><strong>Clique aqui e converse diretamente com vendedor t\u00e9cnico<\/strong><\/a><\/p>\n","protected":false},"featured_media":772,"comment_status":"open","ping_status":"closed","template":"","meta":{"_acf_changed":false,"_monsterinsights_skip_tracking":false,"_monsterinsights_sitenote_active":false,"_monsterinsights_sitenote_note":"","_monsterinsights_sitenote_category":0},"product_brand":[],"product_cat":[133,103],"product_tag":[40,46,44,47],"class_list":{"0":"post-770","1":"product","2":"type-product","3":"status-publish","4":"has-post-thumbnail","6":"product_cat-engrenagens","7":"product_cat-componentes","8":"product_tag-componente-para-automacao","9":"product_tag-cremalheiras-e-engrenagens","10":"product_tag-engrenagem","11":"product_tag-pinhao-cnc","13":"first","14":"instock","15":"shipping-taxable","16":"purchasable","17":"product-type-simple"},"acf":[],"yoast_head":"<!-- This site is optimized with the Yoast SEO Premium plugin v22.6 (Yoast SEO v26.2) - https:\/\/yoast.com\/wordpress\/plugins\/seo\/ -->\n<title>Engrenagem Helicoidal Mod. 1,5 com 24 Dentes C7 - Mach CNC - Maior Fabricante Nacional de Ma\u0301quinas CNC. \ud83c\udde7\ud83c\uddf7<\/title>\n<meta name=\"description\" content=\"Descri\u00e7\u00e3o t\u00e9cnica:Engrenagem Helicoidal Mod. 1,5 com 24 Dentes C7Medidas:Mod. 1,5N\u00famero de dentes: 24\u00c2ngulo de press\u00e3o: 20\u00b0\u00c2ngulo de inclina\u00e7\u00e3o da h\u00e9lice:19\u00b031&#039;42&quot;Dire\u00e7\u00e3o: esquerdaClasse c7Di\u00e2metro primitivo: \u00f838,064\" \/>\n<meta name=\"robots\" content=\"index, follow, max-snippet:-1, max-image-preview:large, max-video-preview:-1\" \/>\n<link rel=\"canonical\" href=\"https:\/\/machcnc.com.br\/loja\/produto\/engrenagem-helicoidal-mod-15-com-24-dentes-c7\/\" \/>\n<meta property=\"og:locale\" content=\"pt_BR\" \/>\n<meta property=\"og:type\" content=\"article\" \/>\n<meta property=\"og:title\" content=\"Engrenagem Helicoidal Mod. 1,5 com 24 Dentes C7\" \/>\n<meta property=\"og:description\" content=\"Descri\u00e7\u00e3o t\u00e9cnica:Engrenagem Helicoidal Mod. 1,5 com 24 Dentes C7Medidas:Mod. 1,5N\u00famero de dentes: 24\u00c2ngulo de press\u00e3o: 20\u00b0\u00c2ngulo de inclina\u00e7\u00e3o da h\u00e9lice:19\u00b031&#039;42&quot;Dire\u00e7\u00e3o: esquerdaClasse c7Di\u00e2metro primitivo: \u00f838,064\" \/>\n<meta property=\"og:url\" content=\"https:\/\/machcnc.com.br\/loja\/produto\/engrenagem-helicoidal-mod-15-com-24-dentes-c7\/\" \/>\n<meta property=\"og:site_name\" content=\"Mach CNC - Maior Fabricante Nacional de Ma\u0301quinas CNC. \ud83c\udde7\ud83c\uddf7\" \/>\n<meta property=\"article:modified_time\" content=\"2025-10-18T17:50:40+00:00\" \/>\n<meta property=\"og:image\" content=\"https:\/\/machcnc.com.br\/loja\/wp-content\/uploads\/2024\/06\/213010024-ENGRENAGENS-C7-24-DENTES-FOTO-1.jpg\" \/>\n\t<meta property=\"og:image:width\" content=\"800\" \/>\n\t<meta property=\"og:image:height\" content=\"800\" \/>\n\t<meta property=\"og:image:type\" content=\"image\/jpeg\" \/>\n<meta name=\"twitter:card\" content=\"summary_large_image\" \/>\n<meta name=\"twitter:label1\" content=\"Est. tempo de leitura\" \/>\n\t<meta name=\"twitter:data1\" content=\"1 minuto\" \/>\n<script type=\"application\/ld+json\" class=\"yoast-schema-graph\">{\"@context\":\"https:\/\/schema.org\",\"@graph\":[{\"@type\":\"WebPage\",\"@id\":\"https:\/\/machcnc.com.br\/loja\/produto\/engrenagem-helicoidal-mod-15-com-24-dentes-c7\/\",\"url\":\"https:\/\/machcnc.com.br\/loja\/produto\/engrenagem-helicoidal-mod-15-com-24-dentes-c7\/\",\"name\":\"Engrenagem Helicoidal Mod. 1,5 com 24 Dentes C7 - Mach CNC - Maior Fabricante Nacional de Ma\u0301quinas CNC. \ud83c\udde7\ud83c\uddf7\",\"isPartOf\":{\"@id\":\"https:\/\/machcnc.com.br\/loja\/#website\"},\"primaryImageOfPage\":{\"@id\":\"https:\/\/machcnc.com.br\/loja\/produto\/engrenagem-helicoidal-mod-15-com-24-dentes-c7\/#primaryimage\"},\"image\":{\"@id\":\"https:\/\/machcnc.com.br\/loja\/produto\/engrenagem-helicoidal-mod-15-com-24-dentes-c7\/#primaryimage\"},\"thumbnailUrl\":\"https:\/\/machcnc.com.br\/loja\/wp-content\/uploads\/2024\/06\/213010024-ENGRENAGENS-C7-24-DENTES-FOTO-1.jpg\",\"datePublished\":\"2024-06-24T13:49:16+00:00\",\"dateModified\":\"2025-10-18T17:50:40+00:00\",\"description\":\"Descri\u00e7\u00e3o t\u00e9cnica:Engrenagem Helicoidal Mod. 1,5 com 24 Dentes C7Medidas:Mod. 1,5N\u00famero de dentes: 24\u00c2ngulo de press\u00e3o: 20\u00b0\u00c2ngulo de inclina\u00e7\u00e3o da h\u00e9lice:19\u00b031'42\\\"Dire\u00e7\u00e3o: esquerdaClasse c7Di\u00e2metro primitivo: \u00f838,064\",\"breadcrumb\":{\"@id\":\"https:\/\/machcnc.com.br\/loja\/produto\/engrenagem-helicoidal-mod-15-com-24-dentes-c7\/#breadcrumb\"},\"inLanguage\":\"pt-BR\",\"potentialAction\":[{\"@type\":\"ReadAction\",\"target\":[\"https:\/\/machcnc.com.br\/loja\/produto\/engrenagem-helicoidal-mod-15-com-24-dentes-c7\/\"]}]},{\"@type\":\"ImageObject\",\"inLanguage\":\"pt-BR\",\"@id\":\"https:\/\/machcnc.com.br\/loja\/produto\/engrenagem-helicoidal-mod-15-com-24-dentes-c7\/#primaryimage\",\"url\":\"https:\/\/machcnc.com.br\/loja\/wp-content\/uploads\/2024\/06\/213010024-ENGRENAGENS-C7-24-DENTES-FOTO-1.jpg\",\"contentUrl\":\"https:\/\/machcnc.com.br\/loja\/wp-content\/uploads\/2024\/06\/213010024-ENGRENAGENS-C7-24-DENTES-FOTO-1.jpg\",\"width\":800,\"height\":800},{\"@type\":\"BreadcrumbList\",\"@id\":\"https:\/\/machcnc.com.br\/loja\/produto\/engrenagem-helicoidal-mod-15-com-24-dentes-c7\/#breadcrumb\",\"itemListElement\":[{\"@type\":\"ListItem\",\"position\":1,\"name\":\"Home\",\"item\":\"https:\/\/machcnc.com.br\/loja\/\"},{\"@type\":\"ListItem\",\"position\":2,\"name\":\"Produtos\",\"item\":\"https:\/\/machcnc.com.br\/loja\/produtos\/\"},{\"@type\":\"ListItem\",\"position\":3,\"name\":\"Engrenagem Helicoidal Mod. 1,5 com 24 Dentes C7\"}]},{\"@type\":\"WebSite\",\"@id\":\"https:\/\/machcnc.com.br\/loja\/#website\",\"url\":\"https:\/\/machcnc.com.br\/loja\/\",\"name\":\"Mach CNC - Maior Fabricante Nacional de Ma\u0301quinas CNC. \ud83c\udde7\ud83c\uddf7\",\"description\":\"\",\"publisher\":{\"@id\":\"https:\/\/machcnc.com.br\/loja\/#organization\"},\"potentialAction\":[{\"@type\":\"SearchAction\",\"target\":{\"@type\":\"EntryPoint\",\"urlTemplate\":\"https:\/\/machcnc.com.br\/loja\/?s={search_term_string}\"},\"query-input\":{\"@type\":\"PropertyValueSpecification\",\"valueRequired\":true,\"valueName\":\"search_term_string\"}}],\"inLanguage\":\"pt-BR\"},{\"@type\":\"Organization\",\"@id\":\"https:\/\/machcnc.com.br\/loja\/#organization\",\"name\":\"Mach CNC - Maior Fabricante Nacional de Ma\u0301quinas CNC. \ud83c\udde7\ud83c\uddf7\",\"url\":\"https:\/\/machcnc.com.br\/loja\/\",\"logo\":{\"@type\":\"ImageObject\",\"inLanguage\":\"pt-BR\",\"@id\":\"https:\/\/machcnc.com.br\/loja\/#\/schema\/logo\/image\/\",\"url\":\"https:\/\/machcnc.com.br\/loja\/wp-content\/uploads\/2024\/05\/logo.svg\",\"contentUrl\":\"https:\/\/machcnc.com.br\/loja\/wp-content\/uploads\/2024\/05\/logo.svg\",\"caption\":\"Mach CNC - Maior Fabricante Nacional de Ma\u0301quinas CNC. \ud83c\udde7\ud83c\uddf7\"},\"image\":{\"@id\":\"https:\/\/machcnc.com.br\/loja\/#\/schema\/logo\/image\/\"}}]}<\/script>\n<!-- \/ Yoast SEO Premium plugin. -->","yoast_head_json":{"title":"Engrenagem Helicoidal Mod. 1,5 com 24 Dentes C7 - Mach CNC - Maior Fabricante Nacional de Ma\u0301quinas CNC. \ud83c\udde7\ud83c\uddf7","description":"Descri\u00e7\u00e3o t\u00e9cnica:Engrenagem Helicoidal Mod. 1,5 com 24 Dentes C7Medidas:Mod. 1,5N\u00famero de dentes: 24\u00c2ngulo de press\u00e3o: 20\u00b0\u00c2ngulo de inclina\u00e7\u00e3o da h\u00e9lice:19\u00b031'42\"Dire\u00e7\u00e3o: esquerdaClasse c7Di\u00e2metro primitivo: \u00f838,064","robots":{"index":"index","follow":"follow","max-snippet":"max-snippet:-1","max-image-preview":"max-image-preview:large","max-video-preview":"max-video-preview:-1"},"canonical":"https:\/\/machcnc.com.br\/loja\/produto\/engrenagem-helicoidal-mod-15-com-24-dentes-c7\/","og_locale":"pt_BR","og_type":"article","og_title":"Engrenagem Helicoidal Mod. 1,5 com 24 Dentes C7","og_description":"Descri\u00e7\u00e3o t\u00e9cnica:Engrenagem Helicoidal Mod. 1,5 com 24 Dentes C7Medidas:Mod. 1,5N\u00famero de dentes: 24\u00c2ngulo de press\u00e3o: 20\u00b0\u00c2ngulo de inclina\u00e7\u00e3o da h\u00e9lice:19\u00b031'42\"Dire\u00e7\u00e3o: esquerdaClasse c7Di\u00e2metro primitivo: \u00f838,064","og_url":"https:\/\/machcnc.com.br\/loja\/produto\/engrenagem-helicoidal-mod-15-com-24-dentes-c7\/","og_site_name":"Mach CNC - Maior Fabricante Nacional de Ma\u0301quinas CNC. \ud83c\udde7\ud83c\uddf7","article_modified_time":"2025-10-18T17:50:40+00:00","og_image":[{"width":800,"height":800,"url":"https:\/\/machcnc.com.br\/loja\/wp-content\/uploads\/2024\/06\/213010024-ENGRENAGENS-C7-24-DENTES-FOTO-1.jpg","type":"image\/jpeg"}],"twitter_card":"summary_large_image","twitter_misc":{"Est. tempo de leitura":"1 minuto"},"schema":{"@context":"https:\/\/schema.org","@graph":[{"@type":"WebPage","@id":"https:\/\/machcnc.com.br\/loja\/produto\/engrenagem-helicoidal-mod-15-com-24-dentes-c7\/","url":"https:\/\/machcnc.com.br\/loja\/produto\/engrenagem-helicoidal-mod-15-com-24-dentes-c7\/","name":"Engrenagem Helicoidal Mod. 1,5 com 24 Dentes C7 - Mach CNC - Maior Fabricante Nacional de Ma\u0301quinas CNC. \ud83c\udde7\ud83c\uddf7","isPartOf":{"@id":"https:\/\/machcnc.com.br\/loja\/#website"},"primaryImageOfPage":{"@id":"https:\/\/machcnc.com.br\/loja\/produto\/engrenagem-helicoidal-mod-15-com-24-dentes-c7\/#primaryimage"},"image":{"@id":"https:\/\/machcnc.com.br\/loja\/produto\/engrenagem-helicoidal-mod-15-com-24-dentes-c7\/#primaryimage"},"thumbnailUrl":"https:\/\/machcnc.com.br\/loja\/wp-content\/uploads\/2024\/06\/213010024-ENGRENAGENS-C7-24-DENTES-FOTO-1.jpg","datePublished":"2024-06-24T13:49:16+00:00","dateModified":"2025-10-18T17:50:40+00:00","description":"Descri\u00e7\u00e3o t\u00e9cnica:Engrenagem Helicoidal Mod. 1,5 com 24 Dentes C7Medidas:Mod. 1,5N\u00famero de dentes: 24\u00c2ngulo de press\u00e3o: 20\u00b0\u00c2ngulo de inclina\u00e7\u00e3o da h\u00e9lice:19\u00b031'42\"Dire\u00e7\u00e3o: esquerdaClasse c7Di\u00e2metro primitivo: \u00f838,064","breadcrumb":{"@id":"https:\/\/machcnc.com.br\/loja\/produto\/engrenagem-helicoidal-mod-15-com-24-dentes-c7\/#breadcrumb"},"inLanguage":"pt-BR","potentialAction":[{"@type":"ReadAction","target":["https:\/\/machcnc.com.br\/loja\/produto\/engrenagem-helicoidal-mod-15-com-24-dentes-c7\/"]}]},{"@type":"ImageObject","inLanguage":"pt-BR","@id":"https:\/\/machcnc.com.br\/loja\/produto\/engrenagem-helicoidal-mod-15-com-24-dentes-c7\/#primaryimage","url":"https:\/\/machcnc.com.br\/loja\/wp-content\/uploads\/2024\/06\/213010024-ENGRENAGENS-C7-24-DENTES-FOTO-1.jpg","contentUrl":"https:\/\/machcnc.com.br\/loja\/wp-content\/uploads\/2024\/06\/213010024-ENGRENAGENS-C7-24-DENTES-FOTO-1.jpg","width":800,"height":800},{"@type":"BreadcrumbList","@id":"https:\/\/machcnc.com.br\/loja\/produto\/engrenagem-helicoidal-mod-15-com-24-dentes-c7\/#breadcrumb","itemListElement":[{"@type":"ListItem","position":1,"name":"Home","item":"https:\/\/machcnc.com.br\/loja\/"},{"@type":"ListItem","position":2,"name":"Produtos","item":"https:\/\/machcnc.com.br\/loja\/produtos\/"},{"@type":"ListItem","position":3,"name":"Engrenagem Helicoidal Mod. 1,5 com 24 Dentes C7"}]},{"@type":"WebSite","@id":"https:\/\/machcnc.com.br\/loja\/#website","url":"https:\/\/machcnc.com.br\/loja\/","name":"Mach CNC - Maior Fabricante Nacional de Ma\u0301quinas CNC. \ud83c\udde7\ud83c\uddf7","description":"","publisher":{"@id":"https:\/\/machcnc.com.br\/loja\/#organization"},"potentialAction":[{"@type":"SearchAction","target":{"@type":"EntryPoint","urlTemplate":"https:\/\/machcnc.com.br\/loja\/?s={search_term_string}"},"query-input":{"@type":"PropertyValueSpecification","valueRequired":true,"valueName":"search_term_string"}}],"inLanguage":"pt-BR"},{"@type":"Organization","@id":"https:\/\/machcnc.com.br\/loja\/#organization","name":"Mach CNC - Maior Fabricante Nacional de Ma\u0301quinas CNC. \ud83c\udde7\ud83c\uddf7","url":"https:\/\/machcnc.com.br\/loja\/","logo":{"@type":"ImageObject","inLanguage":"pt-BR","@id":"https:\/\/machcnc.com.br\/loja\/#\/schema\/logo\/image\/","url":"https:\/\/machcnc.com.br\/loja\/wp-content\/uploads\/2024\/05\/logo.svg","contentUrl":"https:\/\/machcnc.com.br\/loja\/wp-content\/uploads\/2024\/05\/logo.svg","caption":"Mach CNC - Maior Fabricante Nacional de Ma\u0301quinas CNC. \ud83c\udde7\ud83c\uddf7"},"image":{"@id":"https:\/\/machcnc.com.br\/loja\/#\/schema\/logo\/image\/"}}]}},"_links":{"self":[{"href":"https:\/\/machcnc.com.br\/loja\/wp-json\/wp\/v2\/product\/770","targetHints":{"allow":["GET"]}}],"collection":[{"href":"https:\/\/machcnc.com.br\/loja\/wp-json\/wp\/v2\/product"}],"about":[{"href":"https:\/\/machcnc.com.br\/loja\/wp-json\/wp\/v2\/types\/product"}],"replies":[{"embeddable":true,"href":"https:\/\/machcnc.com.br\/loja\/wp-json\/wp\/v2\/comments?post=770"}],"wp:featuredmedia":[{"embeddable":true,"href":"https:\/\/machcnc.com.br\/loja\/wp-json\/wp\/v2\/media\/772"}],"wp:attachment":[{"href":"https:\/\/machcnc.com.br\/loja\/wp-json\/wp\/v2\/media?parent=770"}],"wp:term":[{"taxonomy":"product_brand","embeddable":true,"href":"https:\/\/machcnc.com.br\/loja\/wp-json\/wp\/v2\/product_brand?post=770"},{"taxonomy":"product_cat","embeddable":true,"href":"https:\/\/machcnc.com.br\/loja\/wp-json\/wp\/v2\/product_cat?post=770"},{"taxonomy":"product_tag","embeddable":true,"href":"https:\/\/machcnc.com.br\/loja\/wp-json\/wp\/v2\/product_tag?post=770"}],"curies":[{"name":"wp","href":"https:\/\/api.w.org\/{rel}","templated":true}]}}