{"id":1426,"date":"2024-09-12T15:35:51","date_gmt":"2024-09-12T18:35:51","guid":{"rendered":"https:\/\/machcnc.com.br\/loja\/?post_type=product&#038;p=1426"},"modified":"2025-10-18T13:02:27","modified_gmt":"2025-10-18T16:02:27","slug":"broca-10x70mm-esquerda","status":"publish","type":"product","link":"https:\/\/machcnc.com.br\/loja\/produto\/broca-10x70mm-esquerda\/","title":{"rendered":"Broca 10x70mm Esquerda"},"content":{"rendered":"<p>Descri\u00e7\u00e3o t\u00e9cnica:<br \/>\nBroca n\u00e3o Passante 10X70 S=10 HW Z2+V2\/LH em metal duro<\/p>\n<p>Medidas:<br \/>\nDi\u00e2metro corte: 10mm<br \/>\nComprimento: 70mm<br \/>\nDi\u00e2metro da haste: 10mm<br \/>\nEsquerda<\/p>\n","protected":false},"excerpt":{"rendered":"<p><strong><a href=\"https:\/\/wa.me\/5547997280140\">Clique aqui e compre via WhatsApp<\/a><\/strong><\/p>\n","protected":false},"featured_media":1427,"comment_status":"open","ping_status":"closed","template":"","meta":{"_acf_changed":false,"_monsterinsights_skip_tracking":false,"_monsterinsights_sitenote_active":false,"_monsterinsights_sitenote_note":"","_monsterinsights_sitenote_category":0},"product_brand":[],"product_cat":[102,113],"product_tag":[62,262,206,261,207,209,265,208,263,264,205],"class_list":{"0":"post-1426","1":"product","2":"type-product","3":"status-publish","4":"has-post-thumbnail","6":"product_cat-ferramentas","7":"product_cat-brocas","8":"product_tag-broca","9":"product_tag-broca-10mm","10":"product_tag-broca-cnc","11":"product_tag-broca-de-10mm","12":"product_tag-broca-de-encaixe-rapido","13":"product_tag-broca-de-metal-duro","14":"product_tag-broca-marcenaria","15":"product_tag-broca-nao-passante","16":"product_tag-broca-para-madeira","17":"product_tag-broca-para-mdf","18":"product_tag-broca-pente-de-furacao","20":"first","21":"onbackorder","22":"shipping-taxable","23":"purchasable","24":"product-type-simple"},"acf":[],"yoast_head":"<!-- This site is optimized with the Yoast SEO Premium plugin v22.6 (Yoast SEO v26.2) - https:\/\/yoast.com\/wordpress\/plugins\/seo\/ -->\n<title>Broca 10x70mm Esquerda - Mach CNC - Maior Fabricante Nacional de Ma\u0301quinas CNC. \ud83c\udde7\ud83c\uddf7<\/title>\n<meta name=\"description\" content=\"Descri\u00e7\u00e3o t\u00e9cnica:Broca n\u00e3o Passante 10X70 S=10 HW Z2+V2\/LH em metal duroMedidas:Di\u00e2metro corte: 10mmComprimento: 70mmDi\u00e2metro da haste: 10mmEsquerda\" \/>\n<meta name=\"robots\" content=\"index, follow, max-snippet:-1, max-image-preview:large, max-video-preview:-1\" \/>\n<link rel=\"canonical\" href=\"https:\/\/machcnc.com.br\/loja\/produto\/broca-10x70mm-esquerda\/\" \/>\n<meta property=\"og:locale\" content=\"pt_BR\" \/>\n<meta property=\"og:type\" content=\"article\" \/>\n<meta property=\"og:title\" content=\"Broca 10x70mm Esquerda\" \/>\n<meta property=\"og:description\" content=\"Descri\u00e7\u00e3o t\u00e9cnica:Broca n\u00e3o Passante 10X70 S=10 HW Z2+V2\/LH em metal duroMedidas:Di\u00e2metro corte: 10mmComprimento: 70mmDi\u00e2metro da haste: 10mmEsquerda\" \/>\n<meta property=\"og:url\" content=\"https:\/\/machcnc.com.br\/loja\/produto\/broca-10x70mm-esquerda\/\" \/>\n<meta property=\"og:site_name\" content=\"Mach CNC - Maior Fabricante Nacional de Ma\u0301quinas CNC. \ud83c\udde7\ud83c\uddf7\" \/>\n<meta property=\"article:modified_time\" content=\"2025-10-18T16:02:27+00:00\" \/>\n<meta property=\"og:image\" content=\"https:\/\/machcnc.com.br\/loja\/wp-content\/uploads\/2024\/09\/241010036-BROCA-10X70MM-LH-L-ESQUERDO.jpeg\" \/>\n\t<meta property=\"og:image:width\" content=\"800\" \/>\n\t<meta property=\"og:image:height\" content=\"800\" \/>\n\t<meta property=\"og:image:type\" content=\"image\/jpeg\" \/>\n<meta name=\"twitter:card\" content=\"summary_large_image\" \/>\n<meta name=\"twitter:label1\" content=\"Est. tempo de leitura\" \/>\n\t<meta name=\"twitter:data1\" content=\"1 minuto\" \/>\n<script type=\"application\/ld+json\" class=\"yoast-schema-graph\">{\"@context\":\"https:\/\/schema.org\",\"@graph\":[{\"@type\":\"WebPage\",\"@id\":\"https:\/\/machcnc.com.br\/loja\/produto\/broca-10x70mm-esquerda\/\",\"url\":\"https:\/\/machcnc.com.br\/loja\/produto\/broca-10x70mm-esquerda\/\",\"name\":\"Broca 10x70mm Esquerda - Mach CNC - Maior Fabricante Nacional de Ma\u0301quinas CNC. \ud83c\udde7\ud83c\uddf7\",\"isPartOf\":{\"@id\":\"https:\/\/machcnc.com.br\/loja\/#website\"},\"primaryImageOfPage\":{\"@id\":\"https:\/\/machcnc.com.br\/loja\/produto\/broca-10x70mm-esquerda\/#primaryimage\"},\"image\":{\"@id\":\"https:\/\/machcnc.com.br\/loja\/produto\/broca-10x70mm-esquerda\/#primaryimage\"},\"thumbnailUrl\":\"https:\/\/machcnc.com.br\/loja\/wp-content\/uploads\/2024\/09\/241010036-BROCA-10X70MM-LH-L-ESQUERDO.jpeg\",\"datePublished\":\"2024-09-12T18:35:51+00:00\",\"dateModified\":\"2025-10-18T16:02:27+00:00\",\"description\":\"Descri\u00e7\u00e3o t\u00e9cnica:Broca n\u00e3o Passante 10X70 S=10 HW Z2+V2\/LH em metal duroMedidas:Di\u00e2metro corte: 10mmComprimento: 70mmDi\u00e2metro da haste: 10mmEsquerda\",\"breadcrumb\":{\"@id\":\"https:\/\/machcnc.com.br\/loja\/produto\/broca-10x70mm-esquerda\/#breadcrumb\"},\"inLanguage\":\"pt-BR\",\"potentialAction\":[{\"@type\":\"ReadAction\",\"target\":[\"https:\/\/machcnc.com.br\/loja\/produto\/broca-10x70mm-esquerda\/\"]}]},{\"@type\":\"ImageObject\",\"inLanguage\":\"pt-BR\",\"@id\":\"https:\/\/machcnc.com.br\/loja\/produto\/broca-10x70mm-esquerda\/#primaryimage\",\"url\":\"https:\/\/machcnc.com.br\/loja\/wp-content\/uploads\/2024\/09\/241010036-BROCA-10X70MM-LH-L-ESQUERDO.jpeg\",\"contentUrl\":\"https:\/\/machcnc.com.br\/loja\/wp-content\/uploads\/2024\/09\/241010036-BROCA-10X70MM-LH-L-ESQUERDO.jpeg\",\"width\":800,\"height\":800},{\"@type\":\"BreadcrumbList\",\"@id\":\"https:\/\/machcnc.com.br\/loja\/produto\/broca-10x70mm-esquerda\/#breadcrumb\",\"itemListElement\":[{\"@type\":\"ListItem\",\"position\":1,\"name\":\"Home\",\"item\":\"https:\/\/machcnc.com.br\/loja\/\"},{\"@type\":\"ListItem\",\"position\":2,\"name\":\"Produtos\",\"item\":\"https:\/\/machcnc.com.br\/loja\/produtos\/\"},{\"@type\":\"ListItem\",\"position\":3,\"name\":\"Broca 10x70mm Esquerda\"}]},{\"@type\":\"WebSite\",\"@id\":\"https:\/\/machcnc.com.br\/loja\/#website\",\"url\":\"https:\/\/machcnc.com.br\/loja\/\",\"name\":\"Mach CNC - Maior Fabricante Nacional de Ma\u0301quinas CNC. \ud83c\udde7\ud83c\uddf7\",\"description\":\"\",\"publisher\":{\"@id\":\"https:\/\/machcnc.com.br\/loja\/#organization\"},\"potentialAction\":[{\"@type\":\"SearchAction\",\"target\":{\"@type\":\"EntryPoint\",\"urlTemplate\":\"https:\/\/machcnc.com.br\/loja\/?s={search_term_string}\"},\"query-input\":{\"@type\":\"PropertyValueSpecification\",\"valueRequired\":true,\"valueName\":\"search_term_string\"}}],\"inLanguage\":\"pt-BR\"},{\"@type\":\"Organization\",\"@id\":\"https:\/\/machcnc.com.br\/loja\/#organization\",\"name\":\"Mach CNC - Maior Fabricante Nacional de Ma\u0301quinas CNC. \ud83c\udde7\ud83c\uddf7\",\"url\":\"https:\/\/machcnc.com.br\/loja\/\",\"logo\":{\"@type\":\"ImageObject\",\"inLanguage\":\"pt-BR\",\"@id\":\"https:\/\/machcnc.com.br\/loja\/#\/schema\/logo\/image\/\",\"url\":\"https:\/\/machcnc.com.br\/loja\/wp-content\/uploads\/2024\/05\/logo.svg\",\"contentUrl\":\"https:\/\/machcnc.com.br\/loja\/wp-content\/uploads\/2024\/05\/logo.svg\",\"caption\":\"Mach CNC - Maior Fabricante Nacional de Ma\u0301quinas CNC. \ud83c\udde7\ud83c\uddf7\"},\"image\":{\"@id\":\"https:\/\/machcnc.com.br\/loja\/#\/schema\/logo\/image\/\"}}]}<\/script>\n<!-- \/ Yoast SEO Premium plugin. -->","yoast_head_json":{"title":"Broca 10x70mm Esquerda - Mach CNC - Maior Fabricante Nacional de Ma\u0301quinas CNC. \ud83c\udde7\ud83c\uddf7","description":"Descri\u00e7\u00e3o t\u00e9cnica:Broca n\u00e3o Passante 10X70 S=10 HW Z2+V2\/LH em metal duroMedidas:Di\u00e2metro corte: 10mmComprimento: 70mmDi\u00e2metro da haste: 10mmEsquerda","robots":{"index":"index","follow":"follow","max-snippet":"max-snippet:-1","max-image-preview":"max-image-preview:large","max-video-preview":"max-video-preview:-1"},"canonical":"https:\/\/machcnc.com.br\/loja\/produto\/broca-10x70mm-esquerda\/","og_locale":"pt_BR","og_type":"article","og_title":"Broca 10x70mm Esquerda","og_description":"Descri\u00e7\u00e3o t\u00e9cnica:Broca n\u00e3o Passante 10X70 S=10 HW Z2+V2\/LH em metal duroMedidas:Di\u00e2metro corte: 10mmComprimento: 70mmDi\u00e2metro da haste: 10mmEsquerda","og_url":"https:\/\/machcnc.com.br\/loja\/produto\/broca-10x70mm-esquerda\/","og_site_name":"Mach CNC - Maior Fabricante Nacional de Ma\u0301quinas CNC. \ud83c\udde7\ud83c\uddf7","article_modified_time":"2025-10-18T16:02:27+00:00","og_image":[{"width":800,"height":800,"url":"https:\/\/machcnc.com.br\/loja\/wp-content\/uploads\/2024\/09\/241010036-BROCA-10X70MM-LH-L-ESQUERDO.jpeg","type":"image\/jpeg"}],"twitter_card":"summary_large_image","twitter_misc":{"Est. tempo de leitura":"1 minuto"},"schema":{"@context":"https:\/\/schema.org","@graph":[{"@type":"WebPage","@id":"https:\/\/machcnc.com.br\/loja\/produto\/broca-10x70mm-esquerda\/","url":"https:\/\/machcnc.com.br\/loja\/produto\/broca-10x70mm-esquerda\/","name":"Broca 10x70mm Esquerda - Mach CNC - Maior Fabricante Nacional de Ma\u0301quinas CNC. \ud83c\udde7\ud83c\uddf7","isPartOf":{"@id":"https:\/\/machcnc.com.br\/loja\/#website"},"primaryImageOfPage":{"@id":"https:\/\/machcnc.com.br\/loja\/produto\/broca-10x70mm-esquerda\/#primaryimage"},"image":{"@id":"https:\/\/machcnc.com.br\/loja\/produto\/broca-10x70mm-esquerda\/#primaryimage"},"thumbnailUrl":"https:\/\/machcnc.com.br\/loja\/wp-content\/uploads\/2024\/09\/241010036-BROCA-10X70MM-LH-L-ESQUERDO.jpeg","datePublished":"2024-09-12T18:35:51+00:00","dateModified":"2025-10-18T16:02:27+00:00","description":"Descri\u00e7\u00e3o t\u00e9cnica:Broca n\u00e3o Passante 10X70 S=10 HW Z2+V2\/LH em metal duroMedidas:Di\u00e2metro corte: 10mmComprimento: 70mmDi\u00e2metro da haste: 10mmEsquerda","breadcrumb":{"@id":"https:\/\/machcnc.com.br\/loja\/produto\/broca-10x70mm-esquerda\/#breadcrumb"},"inLanguage":"pt-BR","potentialAction":[{"@type":"ReadAction","target":["https:\/\/machcnc.com.br\/loja\/produto\/broca-10x70mm-esquerda\/"]}]},{"@type":"ImageObject","inLanguage":"pt-BR","@id":"https:\/\/machcnc.com.br\/loja\/produto\/broca-10x70mm-esquerda\/#primaryimage","url":"https:\/\/machcnc.com.br\/loja\/wp-content\/uploads\/2024\/09\/241010036-BROCA-10X70MM-LH-L-ESQUERDO.jpeg","contentUrl":"https:\/\/machcnc.com.br\/loja\/wp-content\/uploads\/2024\/09\/241010036-BROCA-10X70MM-LH-L-ESQUERDO.jpeg","width":800,"height":800},{"@type":"BreadcrumbList","@id":"https:\/\/machcnc.com.br\/loja\/produto\/broca-10x70mm-esquerda\/#breadcrumb","itemListElement":[{"@type":"ListItem","position":1,"name":"Home","item":"https:\/\/machcnc.com.br\/loja\/"},{"@type":"ListItem","position":2,"name":"Produtos","item":"https:\/\/machcnc.com.br\/loja\/produtos\/"},{"@type":"ListItem","position":3,"name":"Broca 10x70mm Esquerda"}]},{"@type":"WebSite","@id":"https:\/\/machcnc.com.br\/loja\/#website","url":"https:\/\/machcnc.com.br\/loja\/","name":"Mach CNC - Maior Fabricante Nacional de Ma\u0301quinas CNC. \ud83c\udde7\ud83c\uddf7","description":"","publisher":{"@id":"https:\/\/machcnc.com.br\/loja\/#organization"},"potentialAction":[{"@type":"SearchAction","target":{"@type":"EntryPoint","urlTemplate":"https:\/\/machcnc.com.br\/loja\/?s={search_term_string}"},"query-input":{"@type":"PropertyValueSpecification","valueRequired":true,"valueName":"search_term_string"}}],"inLanguage":"pt-BR"},{"@type":"Organization","@id":"https:\/\/machcnc.com.br\/loja\/#organization","name":"Mach CNC - Maior Fabricante Nacional de Ma\u0301quinas CNC. \ud83c\udde7\ud83c\uddf7","url":"https:\/\/machcnc.com.br\/loja\/","logo":{"@type":"ImageObject","inLanguage":"pt-BR","@id":"https:\/\/machcnc.com.br\/loja\/#\/schema\/logo\/image\/","url":"https:\/\/machcnc.com.br\/loja\/wp-content\/uploads\/2024\/05\/logo.svg","contentUrl":"https:\/\/machcnc.com.br\/loja\/wp-content\/uploads\/2024\/05\/logo.svg","caption":"Mach CNC - Maior Fabricante Nacional de Ma\u0301quinas CNC. \ud83c\udde7\ud83c\uddf7"},"image":{"@id":"https:\/\/machcnc.com.br\/loja\/#\/schema\/logo\/image\/"}}]}},"_links":{"self":[{"href":"https:\/\/machcnc.com.br\/loja\/wp-json\/wp\/v2\/product\/1426","targetHints":{"allow":["GET"]}}],"collection":[{"href":"https:\/\/machcnc.com.br\/loja\/wp-json\/wp\/v2\/product"}],"about":[{"href":"https:\/\/machcnc.com.br\/loja\/wp-json\/wp\/v2\/types\/product"}],"replies":[{"embeddable":true,"href":"https:\/\/machcnc.com.br\/loja\/wp-json\/wp\/v2\/comments?post=1426"}],"wp:featuredmedia":[{"embeddable":true,"href":"https:\/\/machcnc.com.br\/loja\/wp-json\/wp\/v2\/media\/1427"}],"wp:attachment":[{"href":"https:\/\/machcnc.com.br\/loja\/wp-json\/wp\/v2\/media?parent=1426"}],"wp:term":[{"taxonomy":"product_brand","embeddable":true,"href":"https:\/\/machcnc.com.br\/loja\/wp-json\/wp\/v2\/product_brand?post=1426"},{"taxonomy":"product_cat","embeddable":true,"href":"https:\/\/machcnc.com.br\/loja\/wp-json\/wp\/v2\/product_cat?post=1426"},{"taxonomy":"product_tag","embeddable":true,"href":"https:\/\/machcnc.com.br\/loja\/wp-json\/wp\/v2\/product_tag?post=1426"}],"curies":[{"name":"wp","href":"https:\/\/api.w.org\/{rel}","templated":true}]}}