{"id":1395,"date":"2024-08-28T13:32:19","date_gmt":"2024-08-28T16:32:19","guid":{"rendered":"https:\/\/machcnc.com.br\/loja\/?post_type=product&#038;p=1395"},"modified":"2025-10-18T13:20:18","modified_gmt":"2025-10-18T16:20:18","slug":"cremalheira-helicoidal-mod-15","status":"publish","type":"product","link":"https:\/\/machcnc.com.br\/loja\/produto\/cremalheira-helicoidal-mod-15\/","title":{"rendered":"Cremalheira Helicoidal M\u00f3dulo1,5 C7"},"content":{"rendered":"<p>Imagem Ilustrativa*<\/p>\n<p>Cremalheira Helicoidal<br \/>\nBarras de 2 metros cada (\u00edntegra sem fura\u00e7\u00f5es)<br \/>\nM\u00f3dulo 1,5<br \/>\nA\u00e7o 1045 com tempera<br \/>\nPrecis\u00e3o C7 representa: erro total de passo da engrenagem: 0,08 mm\/1000 mm<br \/>\nDimens\u00f5es: (CxLxA) 20mm X 20mm X 2000mm<\/p>\n","protected":false},"excerpt":{"rendered":"<p><strong><a href=\"https:\/\/wa.me\/5547997280140\">Clique aqui e converse diretamente com vendedor t\u00e9cnico<\/a><\/strong><\/p>\n","protected":false},"featured_media":1397,"comment_status":"open","ping_status":"closed","template":"","meta":{"_acf_changed":false,"_monsterinsights_skip_tracking":false,"_monsterinsights_sitenote_active":false,"_monsterinsights_sitenote_note":"","_monsterinsights_sitenote_category":0},"product_brand":[],"product_cat":[133,103],"product_tag":[],"class_list":{"0":"post-1395","1":"product","2":"type-product","3":"status-publish","4":"has-post-thumbnail","6":"product_cat-engrenagens","7":"product_cat-componentes","9":"first","10":"onbackorder","11":"shipping-taxable","12":"purchasable","13":"product-type-simple"},"acf":[],"yoast_head":"<!-- This site is optimized with the Yoast SEO Premium plugin v22.6 (Yoast SEO v26.2) - https:\/\/yoast.com\/wordpress\/plugins\/seo\/ -->\n<title>Cremalheira Helicoidal M\u00f3dulo1,5 C7 - Mach CNC - Maior Fabricante Nacional de Ma\u0301quinas CNC. \ud83c\udde7\ud83c\uddf7<\/title>\n<meta name=\"description\" content=\"Imagem Ilustrativa* Encomenda atrav\u00e9s do whatsapp (47) 99728-0140 Cremalheira Helicoidal Barras de 2 metros cada (\u00edntegra sem fura\u00e7\u00f5es) M\u00f3dulo 1,5A\u00e7o 1045 com tempera Precis\u00e3o C7 representa: erro total de passo da engrenagem: 0,08 mm\/1000 mm Dimens\u00f5es: (CxLxA) 20mm X 20mm X 2000mm\" \/>\n<meta name=\"robots\" content=\"index, follow, max-snippet:-1, max-image-preview:large, max-video-preview:-1\" \/>\n<link rel=\"canonical\" href=\"https:\/\/machcnc.com.br\/loja\/produto\/cremalheira-helicoidal-mod-15\/\" \/>\n<meta property=\"og:locale\" content=\"pt_BR\" \/>\n<meta property=\"og:type\" content=\"article\" \/>\n<meta property=\"og:title\" content=\"Cremalheira Helicoidal M\u00f3dulo1,5 C7\" \/>\n<meta property=\"og:description\" content=\"Imagem Ilustrativa* Encomenda atrav\u00e9s do whatsapp (47) 99728-0140 Cremalheira Helicoidal Barras de 2 metros cada (\u00edntegra sem fura\u00e7\u00f5es) M\u00f3dulo 1,5A\u00e7o 1045 com tempera Precis\u00e3o C7 representa: erro total de passo da engrenagem: 0,08 mm\/1000 mm Dimens\u00f5es: (CxLxA) 20mm X 20mm X 2000mm\" \/>\n<meta property=\"og:url\" content=\"https:\/\/machcnc.com.br\/loja\/produto\/cremalheira-helicoidal-mod-15\/\" \/>\n<meta property=\"og:site_name\" content=\"Mach CNC - Maior Fabricante Nacional de Ma\u0301quinas CNC. \ud83c\udde7\ud83c\uddf7\" \/>\n<meta property=\"article:modified_time\" content=\"2025-10-18T16:20:18+00:00\" \/>\n<meta property=\"og:image\" content=\"https:\/\/machcnc.com.br\/loja\/wp-content\/uploads\/2024\/08\/CREMALHEIRA.jpeg\" \/>\n\t<meta property=\"og:image:width\" content=\"800\" \/>\n\t<meta property=\"og:image:height\" content=\"800\" \/>\n\t<meta property=\"og:image:type\" content=\"image\/jpeg\" \/>\n<meta name=\"twitter:card\" content=\"summary_large_image\" \/>\n<meta name=\"twitter:label1\" content=\"Est. tempo de leitura\" \/>\n\t<meta name=\"twitter:data1\" content=\"1 minuto\" \/>\n<script type=\"application\/ld+json\" class=\"yoast-schema-graph\">{\"@context\":\"https:\/\/schema.org\",\"@graph\":[{\"@type\":\"WebPage\",\"@id\":\"https:\/\/machcnc.com.br\/loja\/produto\/cremalheira-helicoidal-mod-15\/\",\"url\":\"https:\/\/machcnc.com.br\/loja\/produto\/cremalheira-helicoidal-mod-15\/\",\"name\":\"Cremalheira Helicoidal M\u00f3dulo1,5 C7 - Mach CNC - Maior Fabricante Nacional de Ma\u0301quinas CNC. \ud83c\udde7\ud83c\uddf7\",\"isPartOf\":{\"@id\":\"https:\/\/machcnc.com.br\/loja\/#website\"},\"primaryImageOfPage\":{\"@id\":\"https:\/\/machcnc.com.br\/loja\/produto\/cremalheira-helicoidal-mod-15\/#primaryimage\"},\"image\":{\"@id\":\"https:\/\/machcnc.com.br\/loja\/produto\/cremalheira-helicoidal-mod-15\/#primaryimage\"},\"thumbnailUrl\":\"https:\/\/machcnc.com.br\/loja\/wp-content\/uploads\/2024\/08\/CREMALHEIRA.jpeg\",\"datePublished\":\"2024-08-28T16:32:19+00:00\",\"dateModified\":\"2025-10-18T16:20:18+00:00\",\"description\":\"Imagem Ilustrativa* Encomenda atrav\u00e9s do whatsapp (47) 99728-0140 Cremalheira Helicoidal Barras de 2 metros cada (\u00edntegra sem fura\u00e7\u00f5es) M\u00f3dulo 1,5A\u00e7o 1045 com tempera Precis\u00e3o C7 representa: erro total de passo da engrenagem: 0,08 mm\/1000 mm Dimens\u00f5es: (CxLxA) 20mm X 20mm X 2000mm\",\"breadcrumb\":{\"@id\":\"https:\/\/machcnc.com.br\/loja\/produto\/cremalheira-helicoidal-mod-15\/#breadcrumb\"},\"inLanguage\":\"pt-BR\",\"potentialAction\":[{\"@type\":\"ReadAction\",\"target\":[\"https:\/\/machcnc.com.br\/loja\/produto\/cremalheira-helicoidal-mod-15\/\"]}]},{\"@type\":\"ImageObject\",\"inLanguage\":\"pt-BR\",\"@id\":\"https:\/\/machcnc.com.br\/loja\/produto\/cremalheira-helicoidal-mod-15\/#primaryimage\",\"url\":\"https:\/\/machcnc.com.br\/loja\/wp-content\/uploads\/2024\/08\/CREMALHEIRA.jpeg\",\"contentUrl\":\"https:\/\/machcnc.com.br\/loja\/wp-content\/uploads\/2024\/08\/CREMALHEIRA.jpeg\",\"width\":800,\"height\":800},{\"@type\":\"BreadcrumbList\",\"@id\":\"https:\/\/machcnc.com.br\/loja\/produto\/cremalheira-helicoidal-mod-15\/#breadcrumb\",\"itemListElement\":[{\"@type\":\"ListItem\",\"position\":1,\"name\":\"Home\",\"item\":\"https:\/\/machcnc.com.br\/loja\/\"},{\"@type\":\"ListItem\",\"position\":2,\"name\":\"Produtos\",\"item\":\"https:\/\/machcnc.com.br\/loja\/produtos\/\"},{\"@type\":\"ListItem\",\"position\":3,\"name\":\"Cremalheira Helicoidal M\u00f3dulo1,5 C7\"}]},{\"@type\":\"WebSite\",\"@id\":\"https:\/\/machcnc.com.br\/loja\/#website\",\"url\":\"https:\/\/machcnc.com.br\/loja\/\",\"name\":\"Mach CNC - Maior Fabricante Nacional de Ma\u0301quinas CNC. \ud83c\udde7\ud83c\uddf7\",\"description\":\"\",\"publisher\":{\"@id\":\"https:\/\/machcnc.com.br\/loja\/#organization\"},\"potentialAction\":[{\"@type\":\"SearchAction\",\"target\":{\"@type\":\"EntryPoint\",\"urlTemplate\":\"https:\/\/machcnc.com.br\/loja\/?s={search_term_string}\"},\"query-input\":{\"@type\":\"PropertyValueSpecification\",\"valueRequired\":true,\"valueName\":\"search_term_string\"}}],\"inLanguage\":\"pt-BR\"},{\"@type\":\"Organization\",\"@id\":\"https:\/\/machcnc.com.br\/loja\/#organization\",\"name\":\"Mach CNC - Maior Fabricante Nacional de Ma\u0301quinas CNC. \ud83c\udde7\ud83c\uddf7\",\"url\":\"https:\/\/machcnc.com.br\/loja\/\",\"logo\":{\"@type\":\"ImageObject\",\"inLanguage\":\"pt-BR\",\"@id\":\"https:\/\/machcnc.com.br\/loja\/#\/schema\/logo\/image\/\",\"url\":\"https:\/\/machcnc.com.br\/loja\/wp-content\/uploads\/2024\/05\/logo.svg\",\"contentUrl\":\"https:\/\/machcnc.com.br\/loja\/wp-content\/uploads\/2024\/05\/logo.svg\",\"caption\":\"Mach CNC - Maior Fabricante Nacional de Ma\u0301quinas CNC. \ud83c\udde7\ud83c\uddf7\"},\"image\":{\"@id\":\"https:\/\/machcnc.com.br\/loja\/#\/schema\/logo\/image\/\"}}]}<\/script>\n<!-- \/ Yoast SEO Premium plugin. -->","yoast_head_json":{"title":"Cremalheira Helicoidal M\u00f3dulo1,5 C7 - Mach CNC - Maior Fabricante Nacional de Ma\u0301quinas CNC. \ud83c\udde7\ud83c\uddf7","description":"Imagem Ilustrativa* Encomenda atrav\u00e9s do whatsapp (47) 99728-0140 Cremalheira Helicoidal Barras de 2 metros cada (\u00edntegra sem fura\u00e7\u00f5es) M\u00f3dulo 1,5A\u00e7o 1045 com tempera Precis\u00e3o C7 representa: erro total de passo da engrenagem: 0,08 mm\/1000 mm Dimens\u00f5es: (CxLxA) 20mm X 20mm X 2000mm","robots":{"index":"index","follow":"follow","max-snippet":"max-snippet:-1","max-image-preview":"max-image-preview:large","max-video-preview":"max-video-preview:-1"},"canonical":"https:\/\/machcnc.com.br\/loja\/produto\/cremalheira-helicoidal-mod-15\/","og_locale":"pt_BR","og_type":"article","og_title":"Cremalheira Helicoidal M\u00f3dulo1,5 C7","og_description":"Imagem Ilustrativa* Encomenda atrav\u00e9s do whatsapp (47) 99728-0140 Cremalheira Helicoidal Barras de 2 metros cada (\u00edntegra sem fura\u00e7\u00f5es) M\u00f3dulo 1,5A\u00e7o 1045 com tempera Precis\u00e3o C7 representa: erro total de passo da engrenagem: 0,08 mm\/1000 mm Dimens\u00f5es: (CxLxA) 20mm X 20mm X 2000mm","og_url":"https:\/\/machcnc.com.br\/loja\/produto\/cremalheira-helicoidal-mod-15\/","og_site_name":"Mach CNC - Maior Fabricante Nacional de Ma\u0301quinas CNC. \ud83c\udde7\ud83c\uddf7","article_modified_time":"2025-10-18T16:20:18+00:00","og_image":[{"width":800,"height":800,"url":"https:\/\/machcnc.com.br\/loja\/wp-content\/uploads\/2024\/08\/CREMALHEIRA.jpeg","type":"image\/jpeg"}],"twitter_card":"summary_large_image","twitter_misc":{"Est. tempo de leitura":"1 minuto"},"schema":{"@context":"https:\/\/schema.org","@graph":[{"@type":"WebPage","@id":"https:\/\/machcnc.com.br\/loja\/produto\/cremalheira-helicoidal-mod-15\/","url":"https:\/\/machcnc.com.br\/loja\/produto\/cremalheira-helicoidal-mod-15\/","name":"Cremalheira Helicoidal M\u00f3dulo1,5 C7 - Mach CNC - Maior Fabricante Nacional de Ma\u0301quinas CNC. \ud83c\udde7\ud83c\uddf7","isPartOf":{"@id":"https:\/\/machcnc.com.br\/loja\/#website"},"primaryImageOfPage":{"@id":"https:\/\/machcnc.com.br\/loja\/produto\/cremalheira-helicoidal-mod-15\/#primaryimage"},"image":{"@id":"https:\/\/machcnc.com.br\/loja\/produto\/cremalheira-helicoidal-mod-15\/#primaryimage"},"thumbnailUrl":"https:\/\/machcnc.com.br\/loja\/wp-content\/uploads\/2024\/08\/CREMALHEIRA.jpeg","datePublished":"2024-08-28T16:32:19+00:00","dateModified":"2025-10-18T16:20:18+00:00","description":"Imagem Ilustrativa* Encomenda atrav\u00e9s do whatsapp (47) 99728-0140 Cremalheira Helicoidal Barras de 2 metros cada (\u00edntegra sem fura\u00e7\u00f5es) M\u00f3dulo 1,5A\u00e7o 1045 com tempera Precis\u00e3o C7 representa: erro total de passo da engrenagem: 0,08 mm\/1000 mm Dimens\u00f5es: (CxLxA) 20mm X 20mm X 2000mm","breadcrumb":{"@id":"https:\/\/machcnc.com.br\/loja\/produto\/cremalheira-helicoidal-mod-15\/#breadcrumb"},"inLanguage":"pt-BR","potentialAction":[{"@type":"ReadAction","target":["https:\/\/machcnc.com.br\/loja\/produto\/cremalheira-helicoidal-mod-15\/"]}]},{"@type":"ImageObject","inLanguage":"pt-BR","@id":"https:\/\/machcnc.com.br\/loja\/produto\/cremalheira-helicoidal-mod-15\/#primaryimage","url":"https:\/\/machcnc.com.br\/loja\/wp-content\/uploads\/2024\/08\/CREMALHEIRA.jpeg","contentUrl":"https:\/\/machcnc.com.br\/loja\/wp-content\/uploads\/2024\/08\/CREMALHEIRA.jpeg","width":800,"height":800},{"@type":"BreadcrumbList","@id":"https:\/\/machcnc.com.br\/loja\/produto\/cremalheira-helicoidal-mod-15\/#breadcrumb","itemListElement":[{"@type":"ListItem","position":1,"name":"Home","item":"https:\/\/machcnc.com.br\/loja\/"},{"@type":"ListItem","position":2,"name":"Produtos","item":"https:\/\/machcnc.com.br\/loja\/produtos\/"},{"@type":"ListItem","position":3,"name":"Cremalheira Helicoidal M\u00f3dulo1,5 C7"}]},{"@type":"WebSite","@id":"https:\/\/machcnc.com.br\/loja\/#website","url":"https:\/\/machcnc.com.br\/loja\/","name":"Mach CNC - Maior Fabricante Nacional de Ma\u0301quinas CNC. \ud83c\udde7\ud83c\uddf7","description":"","publisher":{"@id":"https:\/\/machcnc.com.br\/loja\/#organization"},"potentialAction":[{"@type":"SearchAction","target":{"@type":"EntryPoint","urlTemplate":"https:\/\/machcnc.com.br\/loja\/?s={search_term_string}"},"query-input":{"@type":"PropertyValueSpecification","valueRequired":true,"valueName":"search_term_string"}}],"inLanguage":"pt-BR"},{"@type":"Organization","@id":"https:\/\/machcnc.com.br\/loja\/#organization","name":"Mach CNC - Maior Fabricante Nacional de Ma\u0301quinas CNC. \ud83c\udde7\ud83c\uddf7","url":"https:\/\/machcnc.com.br\/loja\/","logo":{"@type":"ImageObject","inLanguage":"pt-BR","@id":"https:\/\/machcnc.com.br\/loja\/#\/schema\/logo\/image\/","url":"https:\/\/machcnc.com.br\/loja\/wp-content\/uploads\/2024\/05\/logo.svg","contentUrl":"https:\/\/machcnc.com.br\/loja\/wp-content\/uploads\/2024\/05\/logo.svg","caption":"Mach CNC - Maior Fabricante Nacional de Ma\u0301quinas CNC. \ud83c\udde7\ud83c\uddf7"},"image":{"@id":"https:\/\/machcnc.com.br\/loja\/#\/schema\/logo\/image\/"}}]}},"_links":{"self":[{"href":"https:\/\/machcnc.com.br\/loja\/wp-json\/wp\/v2\/product\/1395","targetHints":{"allow":["GET"]}}],"collection":[{"href":"https:\/\/machcnc.com.br\/loja\/wp-json\/wp\/v2\/product"}],"about":[{"href":"https:\/\/machcnc.com.br\/loja\/wp-json\/wp\/v2\/types\/product"}],"replies":[{"embeddable":true,"href":"https:\/\/machcnc.com.br\/loja\/wp-json\/wp\/v2\/comments?post=1395"}],"wp:featuredmedia":[{"embeddable":true,"href":"https:\/\/machcnc.com.br\/loja\/wp-json\/wp\/v2\/media\/1397"}],"wp:attachment":[{"href":"https:\/\/machcnc.com.br\/loja\/wp-json\/wp\/v2\/media?parent=1395"}],"wp:term":[{"taxonomy":"product_brand","embeddable":true,"href":"https:\/\/machcnc.com.br\/loja\/wp-json\/wp\/v2\/product_brand?post=1395"},{"taxonomy":"product_cat","embeddable":true,"href":"https:\/\/machcnc.com.br\/loja\/wp-json\/wp\/v2\/product_cat?post=1395"},{"taxonomy":"product_tag","embeddable":true,"href":"https:\/\/machcnc.com.br\/loja\/wp-json\/wp\/v2\/product_tag?post=1395"}],"curies":[{"name":"wp","href":"https:\/\/api.w.org\/{rel}","templated":true}]}}