{"id":1032,"date":"2024-07-30T16:29:16","date_gmt":"2024-07-30T19:29:16","guid":{"rendered":"https:\/\/machcnc.com.br\/loja\/?post_type=product&#038;p=1032"},"modified":"2025-10-18T14:21:20","modified_gmt":"2025-10-18T17:21:20","slug":"pinca-er20","status":"publish","type":"product","link":"https:\/\/machcnc.com.br\/loja\/produto\/pinca-er20\/","title":{"rendered":"Pin\u00e7a ER20"},"content":{"rendered":"<p>Pin\u00e7a para encaixe e fixa\u00e7\u00e3o da ferramenta<\/p>\n<p>Pin\u00e7a el\u00e1stica de alta precis\u00e3o ER-20 tamanhos variados<br \/>\nAlta qualidade e durabilidade !<\/p>\n","protected":false},"excerpt":{"rendered":"<p><a href=\"https:\/\/wa.me\/5547997280140\"><strong>Clique aqui e compre via WhatsApp<\/strong><\/a><\/p>\n","protected":false},"featured_media":1039,"comment_status":"open","ping_status":"closed","template":"","meta":{"_acf_changed":false,"_monsterinsights_skip_tracking":false,"_monsterinsights_sitenote_active":false,"_monsterinsights_sitenote_note":"","_monsterinsights_sitenote_category":0},"product_brand":[],"product_cat":[134,102],"product_tag":[59,70,58,304,75,76],"class_list":{"0":"post-1032","1":"product","2":"type-product","3":"status-publish","4":"has-post-thumbnail","6":"product_cat-pincas-e-cones","7":"product_cat-ferramentas","8":"product_tag-acessorio","9":"product_tag-acessorio-cnc","10":"product_tag-pinca","11":"product_tag-pinca-elastica","12":"product_tag-pinca-er25","13":"product_tag-pinca-para-spindle","15":"first","16":"onbackorder","17":"shipping-taxable","18":"purchasable","19":"product-type-simple"},"acf":[],"yoast_head":"<!-- This site is optimized with the Yoast SEO Premium plugin v22.6 (Yoast SEO v26.2) - https:\/\/yoast.com\/wordpress\/plugins\/seo\/ -->\n<title>Pin\u00e7a ER20 - Mach CNC - Maior Fabricante Nacional de Ma\u0301quinas CNC. \ud83c\udde7\ud83c\uddf7 %<\/title>\n<meta name=\"description\" content=\"Pin\u00e7a para encaixe e fixa\u00e7\u00e3o da ferramenta Pin\u00e7a el\u00e1stica de alta precis\u00e3o ER-20 tamanhos variados Alta qualidade e durabilidade !\" \/>\n<meta name=\"robots\" content=\"index, follow, max-snippet:-1, max-image-preview:large, max-video-preview:-1\" \/>\n<link rel=\"canonical\" href=\"https:\/\/machcnc.com.br\/loja\/produto\/pinca-er20\/\" \/>\n<meta property=\"og:locale\" content=\"pt_BR\" \/>\n<meta property=\"og:type\" content=\"article\" \/>\n<meta property=\"og:title\" content=\"Pin\u00e7a ER20\" \/>\n<meta property=\"og:description\" content=\"Pin\u00e7a para encaixe e fixa\u00e7\u00e3o da ferramenta Pin\u00e7a el\u00e1stica de alta precis\u00e3o ER-20 tamanhos variados Alta qualidade e durabilidade !\" \/>\n<meta property=\"og:url\" content=\"https:\/\/machcnc.com.br\/loja\/produto\/pinca-er20\/\" \/>\n<meta property=\"og:site_name\" content=\"Mach CNC - Maior Fabricante Nacional de Ma\u0301quinas CNC. \ud83c\udde7\ud83c\uddf7\" \/>\n<meta property=\"article:modified_time\" content=\"2025-10-18T17:21:20+00:00\" \/>\n<meta property=\"og:image\" content=\"https:\/\/machcnc.com.br\/loja\/wp-content\/uploads\/2024\/07\/WhatsApp-Image-2024-08-01-at-15.57.42-1.jpeg\" \/>\n\t<meta property=\"og:image:width\" content=\"800\" \/>\n\t<meta property=\"og:image:height\" content=\"800\" \/>\n\t<meta property=\"og:image:type\" content=\"image\/jpeg\" \/>\n<meta name=\"twitter:card\" content=\"summary_large_image\" \/>\n<meta name=\"twitter:label1\" content=\"Est. tempo de leitura\" \/>\n\t<meta name=\"twitter:data1\" content=\"1 minuto\" \/>\n<script type=\"application\/ld+json\" class=\"yoast-schema-graph\">{\"@context\":\"https:\/\/schema.org\",\"@graph\":[{\"@type\":\"WebPage\",\"@id\":\"https:\/\/machcnc.com.br\/loja\/produto\/pinca-er20\/\",\"url\":\"https:\/\/machcnc.com.br\/loja\/produto\/pinca-er20\/\",\"name\":\"Pin\u00e7a ER20 - Mach CNC - Maior Fabricante Nacional de Ma\u0301quinas CNC. \ud83c\udde7\ud83c\uddf7 %\",\"isPartOf\":{\"@id\":\"https:\/\/machcnc.com.br\/loja\/#website\"},\"primaryImageOfPage\":{\"@id\":\"https:\/\/machcnc.com.br\/loja\/produto\/pinca-er20\/#primaryimage\"},\"image\":{\"@id\":\"https:\/\/machcnc.com.br\/loja\/produto\/pinca-er20\/#primaryimage\"},\"thumbnailUrl\":\"https:\/\/machcnc.com.br\/loja\/wp-content\/uploads\/2024\/07\/WhatsApp-Image-2024-08-01-at-15.57.42-1.jpeg\",\"datePublished\":\"2024-07-30T19:29:16+00:00\",\"dateModified\":\"2025-10-18T17:21:20+00:00\",\"description\":\"Pin\u00e7a para encaixe e fixa\u00e7\u00e3o da ferramenta Pin\u00e7a el\u00e1stica de alta precis\u00e3o ER-20 tamanhos variados Alta qualidade e durabilidade !\",\"breadcrumb\":{\"@id\":\"https:\/\/machcnc.com.br\/loja\/produto\/pinca-er20\/#breadcrumb\"},\"inLanguage\":\"pt-BR\",\"potentialAction\":[{\"@type\":\"ReadAction\",\"target\":[\"https:\/\/machcnc.com.br\/loja\/produto\/pinca-er20\/\"]}]},{\"@type\":\"ImageObject\",\"inLanguage\":\"pt-BR\",\"@id\":\"https:\/\/machcnc.com.br\/loja\/produto\/pinca-er20\/#primaryimage\",\"url\":\"https:\/\/machcnc.com.br\/loja\/wp-content\/uploads\/2024\/07\/WhatsApp-Image-2024-08-01-at-15.57.42-1.jpeg\",\"contentUrl\":\"https:\/\/machcnc.com.br\/loja\/wp-content\/uploads\/2024\/07\/WhatsApp-Image-2024-08-01-at-15.57.42-1.jpeg\",\"width\":800,\"height\":800},{\"@type\":\"BreadcrumbList\",\"@id\":\"https:\/\/machcnc.com.br\/loja\/produto\/pinca-er20\/#breadcrumb\",\"itemListElement\":[{\"@type\":\"ListItem\",\"position\":1,\"name\":\"Home\",\"item\":\"https:\/\/machcnc.com.br\/loja\/\"},{\"@type\":\"ListItem\",\"position\":2,\"name\":\"Produtos\",\"item\":\"https:\/\/machcnc.com.br\/loja\/produtos\/\"},{\"@type\":\"ListItem\",\"position\":3,\"name\":\"Pin\u00e7a ER20\"}]},{\"@type\":\"WebSite\",\"@id\":\"https:\/\/machcnc.com.br\/loja\/#website\",\"url\":\"https:\/\/machcnc.com.br\/loja\/\",\"name\":\"Mach CNC - Maior Fabricante Nacional de Ma\u0301quinas CNC. \ud83c\udde7\ud83c\uddf7\",\"description\":\"\",\"publisher\":{\"@id\":\"https:\/\/machcnc.com.br\/loja\/#organization\"},\"potentialAction\":[{\"@type\":\"SearchAction\",\"target\":{\"@type\":\"EntryPoint\",\"urlTemplate\":\"https:\/\/machcnc.com.br\/loja\/?s={search_term_string}\"},\"query-input\":{\"@type\":\"PropertyValueSpecification\",\"valueRequired\":true,\"valueName\":\"search_term_string\"}}],\"inLanguage\":\"pt-BR\"},{\"@type\":\"Organization\",\"@id\":\"https:\/\/machcnc.com.br\/loja\/#organization\",\"name\":\"Mach CNC - Maior Fabricante Nacional de Ma\u0301quinas CNC. \ud83c\udde7\ud83c\uddf7\",\"url\":\"https:\/\/machcnc.com.br\/loja\/\",\"logo\":{\"@type\":\"ImageObject\",\"inLanguage\":\"pt-BR\",\"@id\":\"https:\/\/machcnc.com.br\/loja\/#\/schema\/logo\/image\/\",\"url\":\"https:\/\/machcnc.com.br\/loja\/wp-content\/uploads\/2024\/05\/logo.svg\",\"contentUrl\":\"https:\/\/machcnc.com.br\/loja\/wp-content\/uploads\/2024\/05\/logo.svg\",\"caption\":\"Mach CNC - Maior Fabricante Nacional de Ma\u0301quinas CNC. \ud83c\udde7\ud83c\uddf7\"},\"image\":{\"@id\":\"https:\/\/machcnc.com.br\/loja\/#\/schema\/logo\/image\/\"}}]}<\/script>\n<!-- \/ Yoast SEO Premium plugin. -->","yoast_head_json":{"title":"Pin\u00e7a ER20 - Mach CNC - Maior Fabricante Nacional de Ma\u0301quinas CNC. \ud83c\udde7\ud83c\uddf7 %","description":"Pin\u00e7a para encaixe e fixa\u00e7\u00e3o da ferramenta Pin\u00e7a el\u00e1stica de alta precis\u00e3o ER-20 tamanhos variados Alta qualidade e durabilidade !","robots":{"index":"index","follow":"follow","max-snippet":"max-snippet:-1","max-image-preview":"max-image-preview:large","max-video-preview":"max-video-preview:-1"},"canonical":"https:\/\/machcnc.com.br\/loja\/produto\/pinca-er20\/","og_locale":"pt_BR","og_type":"article","og_title":"Pin\u00e7a ER20","og_description":"Pin\u00e7a para encaixe e fixa\u00e7\u00e3o da ferramenta Pin\u00e7a el\u00e1stica de alta precis\u00e3o ER-20 tamanhos variados Alta qualidade e durabilidade !","og_url":"https:\/\/machcnc.com.br\/loja\/produto\/pinca-er20\/","og_site_name":"Mach CNC - Maior Fabricante Nacional de Ma\u0301quinas CNC. \ud83c\udde7\ud83c\uddf7","article_modified_time":"2025-10-18T17:21:20+00:00","og_image":[{"width":800,"height":800,"url":"https:\/\/machcnc.com.br\/loja\/wp-content\/uploads\/2024\/07\/WhatsApp-Image-2024-08-01-at-15.57.42-1.jpeg","type":"image\/jpeg"}],"twitter_card":"summary_large_image","twitter_misc":{"Est. tempo de leitura":"1 minuto"},"schema":{"@context":"https:\/\/schema.org","@graph":[{"@type":"WebPage","@id":"https:\/\/machcnc.com.br\/loja\/produto\/pinca-er20\/","url":"https:\/\/machcnc.com.br\/loja\/produto\/pinca-er20\/","name":"Pin\u00e7a ER20 - Mach CNC - Maior Fabricante Nacional de Ma\u0301quinas CNC. \ud83c\udde7\ud83c\uddf7 %","isPartOf":{"@id":"https:\/\/machcnc.com.br\/loja\/#website"},"primaryImageOfPage":{"@id":"https:\/\/machcnc.com.br\/loja\/produto\/pinca-er20\/#primaryimage"},"image":{"@id":"https:\/\/machcnc.com.br\/loja\/produto\/pinca-er20\/#primaryimage"},"thumbnailUrl":"https:\/\/machcnc.com.br\/loja\/wp-content\/uploads\/2024\/07\/WhatsApp-Image-2024-08-01-at-15.57.42-1.jpeg","datePublished":"2024-07-30T19:29:16+00:00","dateModified":"2025-10-18T17:21:20+00:00","description":"Pin\u00e7a para encaixe e fixa\u00e7\u00e3o da ferramenta Pin\u00e7a el\u00e1stica de alta precis\u00e3o ER-20 tamanhos variados Alta qualidade e durabilidade !","breadcrumb":{"@id":"https:\/\/machcnc.com.br\/loja\/produto\/pinca-er20\/#breadcrumb"},"inLanguage":"pt-BR","potentialAction":[{"@type":"ReadAction","target":["https:\/\/machcnc.com.br\/loja\/produto\/pinca-er20\/"]}]},{"@type":"ImageObject","inLanguage":"pt-BR","@id":"https:\/\/machcnc.com.br\/loja\/produto\/pinca-er20\/#primaryimage","url":"https:\/\/machcnc.com.br\/loja\/wp-content\/uploads\/2024\/07\/WhatsApp-Image-2024-08-01-at-15.57.42-1.jpeg","contentUrl":"https:\/\/machcnc.com.br\/loja\/wp-content\/uploads\/2024\/07\/WhatsApp-Image-2024-08-01-at-15.57.42-1.jpeg","width":800,"height":800},{"@type":"BreadcrumbList","@id":"https:\/\/machcnc.com.br\/loja\/produto\/pinca-er20\/#breadcrumb","itemListElement":[{"@type":"ListItem","position":1,"name":"Home","item":"https:\/\/machcnc.com.br\/loja\/"},{"@type":"ListItem","position":2,"name":"Produtos","item":"https:\/\/machcnc.com.br\/loja\/produtos\/"},{"@type":"ListItem","position":3,"name":"Pin\u00e7a ER20"}]},{"@type":"WebSite","@id":"https:\/\/machcnc.com.br\/loja\/#website","url":"https:\/\/machcnc.com.br\/loja\/","name":"Mach CNC - Maior Fabricante Nacional de Ma\u0301quinas CNC. \ud83c\udde7\ud83c\uddf7","description":"","publisher":{"@id":"https:\/\/machcnc.com.br\/loja\/#organization"},"potentialAction":[{"@type":"SearchAction","target":{"@type":"EntryPoint","urlTemplate":"https:\/\/machcnc.com.br\/loja\/?s={search_term_string}"},"query-input":{"@type":"PropertyValueSpecification","valueRequired":true,"valueName":"search_term_string"}}],"inLanguage":"pt-BR"},{"@type":"Organization","@id":"https:\/\/machcnc.com.br\/loja\/#organization","name":"Mach CNC - Maior Fabricante Nacional de Ma\u0301quinas CNC. \ud83c\udde7\ud83c\uddf7","url":"https:\/\/machcnc.com.br\/loja\/","logo":{"@type":"ImageObject","inLanguage":"pt-BR","@id":"https:\/\/machcnc.com.br\/loja\/#\/schema\/logo\/image\/","url":"https:\/\/machcnc.com.br\/loja\/wp-content\/uploads\/2024\/05\/logo.svg","contentUrl":"https:\/\/machcnc.com.br\/loja\/wp-content\/uploads\/2024\/05\/logo.svg","caption":"Mach CNC - Maior Fabricante Nacional de Ma\u0301quinas CNC. \ud83c\udde7\ud83c\uddf7"},"image":{"@id":"https:\/\/machcnc.com.br\/loja\/#\/schema\/logo\/image\/"}}]}},"_links":{"self":[{"href":"https:\/\/machcnc.com.br\/loja\/wp-json\/wp\/v2\/product\/1032","targetHints":{"allow":["GET"]}}],"collection":[{"href":"https:\/\/machcnc.com.br\/loja\/wp-json\/wp\/v2\/product"}],"about":[{"href":"https:\/\/machcnc.com.br\/loja\/wp-json\/wp\/v2\/types\/product"}],"replies":[{"embeddable":true,"href":"https:\/\/machcnc.com.br\/loja\/wp-json\/wp\/v2\/comments?post=1032"}],"wp:featuredmedia":[{"embeddable":true,"href":"https:\/\/machcnc.com.br\/loja\/wp-json\/wp\/v2\/media\/1039"}],"wp:attachment":[{"href":"https:\/\/machcnc.com.br\/loja\/wp-json\/wp\/v2\/media?parent=1032"}],"wp:term":[{"taxonomy":"product_brand","embeddable":true,"href":"https:\/\/machcnc.com.br\/loja\/wp-json\/wp\/v2\/product_brand?post=1032"},{"taxonomy":"product_cat","embeddable":true,"href":"https:\/\/machcnc.com.br\/loja\/wp-json\/wp\/v2\/product_cat?post=1032"},{"taxonomy":"product_tag","embeddable":true,"href":"https:\/\/machcnc.com.br\/loja\/wp-json\/wp\/v2\/product_tag?post=1032"}],"curies":[{"name":"wp","href":"https:\/\/api.w.org\/{rel}","templated":true}]}}